{"id":12850,"date":"2025-02-07T15:07:30","date_gmt":"2025-02-07T14:07:30","guid":{"rendered":"https:\/\/sdc-ev.org\/deza-gesundheitsprogramm\/"},"modified":"2025-05-17T18:29:13","modified_gmt":"2025-05-17T16:29:13","slug":"deza-gesundheitsprogramm","status":"publish","type":"page","link":"https:\/\/sdc-ev.org\/de\/deza-gesundheitsprogramm\/","title":{"rendered":"SDC Gesundheitsprogramm"},"content":{"rendered":"[vc_section full_width=&#8220;stretch_row&#8220; full_height=&#8220;yes&#8220; css=&#8220;.vc_custom_1738938411181{background-image: url(https:\/\/sdc-ev.org\/wp-content\/uploads\/2025\/02\/SDCeV_Holistic_Health_Program-1.jpg?id=7538) !important;background-position: center !important;background-repeat: no-repeat !important;background-size: cover !important;}&#8220;][vc_row css=&#8220;.vc_custom_1738938344002{margin-top: 50px !important;margin-bottom: 50px !important;}&#8220;][vc_column width=&#8220;1\/2&#8243; css=&#8220;.vc_custom_1738938469852{background-color: rgba(0,0,0,0.43) !important;*background-color: rgb(0,0,0) !important;}&#8220;][vc_empty_space][vc_custom_heading text=&#8220;SDC e.V. Gesundheitsprogramm&#8220; font_container=&#8220;tag:h1|font_size:60|text_align:left|color:%23ffffff&#8220;][vc_empty_space][vc_column_text]<span style=\"color: #ffffff;\">The SDC Holistic Health Program is dedicated to improving healthcare access and strengthening local medical infrastructure. We work in rural and underserved areas where healthcare is often inadequate or nonexistent, leading to preventable diseases and high mortality rates. Our goal is to bridge the gap in medical services by providing essential resources, building local capacities, and promoting long-term community well-being.<\/span>[\/vc_column_text][vc_empty_space][vc_btn title=&#8220;Spenden Sie&#8220; link=&#8220;url:https%3A%2F%2Fsdc-ev.org%2Fde%2F%3Fpage_id%3D12924|title:SPENDEN|&#8220;][\/vc_column][vc_column width=&#8220;1\/2&#8243;][\/vc_column][\/vc_row][\/vc_section][vc_section full_width=&#8220;stretch_row&#8220;][vc_row][vc_column][vc_empty_space][vc_custom_heading text=&#8220;Schl\u00fcsselbereiche der Wirkung&#8220; font_container=&#8220;tag:h2|font_size:50|text_align:left&#8220;][vc_empty_space height=&#8220;50&#8243;][\/vc_column][\/vc_row][vc_row full_width=&#8220;stretch_row&#8220; equal_height=&#8220;yes&#8220; content_placement=&#8220;top&#8220;][vc_column width=&#8220;1\/5&#8243;][vc_single_image image=&#8220;7550&#8243; alignment=&#8220;center&#8220;][vc_empty_space][vc_custom_heading text=&#8220;Unterst\u00fctzung der medizinischen Grundversorgung&#8220; font_container=&#8220;tag:h3|font_size:32|text_align:left&#8220;][vc_empty_space][vc_column_text]Verbesserung lokaler medizinischer Zentren durch die Ausstattung mit wichtigen Hilfsmitteln und die St\u00e4rkung der Kapazit\u00e4ten im Gesundheitswesen durch Schulung und Entwicklung.[\/vc_column_text][\/vc_column][vc_column width=&#8220;1\/5&#8243;][vc_single_image image=&#8220;7549&#8243; alignment=&#8220;center&#8220;][vc_empty_space][vc_custom_heading text=&#8220;HIV\/AIDS &amp; Malaria&#8220; font_container=&#8220;tag:h3|font_size:32|text_align:left&#8220;][vc_empty_space][vc_column_text]Bereitstellung von Krankheitsuntersuchungen und lebenswichtigen medizinischen Ma\u00dfnahmen f\u00fcr Malaria, HIV\/AIDS und Tuberkulose, um die Gesundheit von Kindern zu sch\u00fctzen, eine fr\u00fchzeitige Diagnose zu erm\u00f6glichen und vermeidbare Todesf\u00e4lle zu verhindern.[\/vc_column_text][\/vc_column][vc_column width=&#8220;1\/5&#8243;][vc_single_image image=&#8220;7546&#8243; alignment=&#8220;center&#8220;][vc_empty_space][vc_custom_heading text=&#8220;Gesundheit von M\u00fcttern und Kindern&#8220; font_container=&#8220;tag:h3|font_size:32|text_align:left&#8220;][vc_empty_space][vc_column_text]Sicherstellung, dass junge M\u00fctter \u00fcber unsere Partner-Gesundheitszentren sichere Entbindungen und umfassende Unterst\u00fctzung bei der medizinischen Versorgung von M\u00fcttern erhalten.[\/vc_column_text][\/vc_column][vc_column width=&#8220;1\/5&#8243;][vc_single_image image=&#8220;7551&#8243; alignment=&#8220;center&#8220;][vc_empty_space][vc_custom_heading text=&#8220;Behinderung &amp; besondere Bed\u00fcrfnisse&#8220; font_container=&#8220;tag:h3|font_size:32|text_align:left&#8220;][vc_empty_space][vc_column_text]Wir unterst\u00fctzen Kinder mit besonderen Bed\u00fcrfnissen, indem wir ihnen wichtige Ger\u00e4te, Mobilit\u00e4tshilfen, Therapien und integrative Gesundheitsprogramme zur Verf\u00fcgung stellen, um ihr Wohlbefinden und ihre Unabh\u00e4ngigkeit zu f\u00f6rdern.[\/vc_column_text][\/vc_column][vc_column width=&#8220;1\/5&#8243;][vc_single_image image=&#8220;7547&#8243; alignment=&#8220;center&#8220;][vc_empty_space][vc_custom_heading text=&#8220;Notfall &amp; Individuelle Hilfe&#8220; font_container=&#8220;tag:h3|font_size:32|text_align:left&#8220;][vc_empty_space][vc_column_text]Wir leisten finanzielle Unterst\u00fctzung f\u00fcr Kinder und bed\u00fcrftige Personen, die sich in dringenden medizinischen Notf\u00e4llen befinden, und sichern so den Zugang zu lebensrettenden Operationen, kritischen Behandlungen und wichtigen Medikamenten.[\/vc_column_text][\/vc_column][\/vc_row][vc_row full_width=&#8220;stretch_row&#8220; content_placement=&#8220;middle&#8220;][vc_column][vc_empty_space height=&#8220;50&#8243;][\/vc_column][\/vc_row][\/vc_section]\n","protected":false},"excerpt":{"rendered":"<p>[vc_section full_width=&#8220;stretch_row&#8220; full_height=&#8220;yes&#8220; css=&#8220;.vc_custom_1738938411181{background-image: url(https:\/\/sdc-ev.org\/wp-content\/uploads\/2025\/02\/SDCeV_Holistic_Health_Program-1.jpg?id=7538) !important;background-position: center !important;background-repeat: no-repeat !important;background-size: cover !important;}&#8220;][vc_row css=&#8220;.vc_custom_1738938344002{margin-top: 50px !important;margin-bottom: 50px !important;}&#8220;][vc_column [&hellip;]<\/p>\n","protected":false},"author":1,"featured_media":0,"parent":0,"menu_order":0,"comment_status":"closed","ping_status":"closed","template":"page-vc.php","meta":[],"categories":[],"tags":[],"_links":{"self":[{"href":"https:\/\/sdc-ev.org\/de\/wp-json\/wp\/v2\/pages\/12850"}],"collection":[{"href":"https:\/\/sdc-ev.org\/de\/wp-json\/wp\/v2\/pages"}],"about":[{"href":"https:\/\/sdc-ev.org\/de\/wp-json\/wp\/v2\/types\/page"}],"author":[{"embeddable":true,"href":"https:\/\/sdc-ev.org\/de\/wp-json\/wp\/v2\/users\/1"}],"replies":[{"embeddable":true,"href":"https:\/\/sdc-ev.org\/de\/wp-json\/wp\/v2\/comments?post=12850"}],"version-history":[{"count":9,"href":"https:\/\/sdc-ev.org\/de\/wp-json\/wp\/v2\/pages\/12850\/revisions"}],"predecessor-version":[{"id":12942,"href":"https:\/\/sdc-ev.org\/de\/wp-json\/wp\/v2\/pages\/12850\/revisions\/12942"}],"wp:attachment":[{"href":"https:\/\/sdc-ev.org\/de\/wp-json\/wp\/v2\/media?parent=12850"}],"wp:term":[{"taxonomy":"category","embeddable":true,"href":"https:\/\/sdc-ev.org\/de\/wp-json\/wp\/v2\/categories?post=12850"},{"taxonomy":"post_tag","embeddable":true,"href":"https:\/\/sdc-ev.org\/de\/wp-json\/wp\/v2\/tags?post=12850"}],"curies":[{"name":"wp","href":"https:\/\/api.w.org\/{rel}","templated":true}]}}