{"id":12857,"date":"2025-02-05T14:29:33","date_gmt":"2025-02-05T13:29:33","guid":{"rendered":"https:\/\/sdc-ev.org\/homepage\/"},"modified":"2025-05-17T18:00:51","modified_gmt":"2025-05-17T16:00:51","slug":"homepage","status":"publish","type":"page","link":"https:\/\/sdc-ev.org\/de\/","title":{"rendered":"Homepage"},"content":{"rendered":"[vc_section full_width=&#8220;stretch_row&#8220; css=&#8220;.vc_custom_1738803091929{background-image: url(https:\/\/sdc-ev.org\/wp-content\/uploads\/2017\/11\/blog_optimal_4-1.jpg?id=7410) !important;background-position: center !important;background-repeat: no-repeat !important;background-size: cover !important;}&#8220;][vc_row][vc_column][vc_empty_space height=&#8220;150&#8243;][\/vc_column][\/vc_row][vc_row][vc_column width=&#8220;1\/2&#8243; css=&#8220;.vc_custom_1738803291865{background-color: rgba(0,0,0,0.4) !important;*background-color: rgb(0,0,0) !important;}&#8220;][vc_empty_space][vc_custom_heading text=&#8220;Wir leben, um zu lieben und zu dienen&#8220; font_container=&#8220;tag:p|font_size:50|text_align:left|color:%23ffffff|line_height:1&#8243;][vc_empty_space][vc_column_text]<span style=\"color: #ffffff;\">Willkommen bei Sustainable Development Community e. V.<\/span><\/p>\n<p><span style=\"color: #ffffff;\">Unser Schwerpunkt liegt auf der Unterst\u00fctzung gef\u00e4hrdeter Gemeinschaften, insbesondere von Kindern und Frauen, durch Projekte in den Bereichen Bildung, Gesundheit, Trinkwasserversorgung, erneuerbare Energien, nachhaltige Landwirtschaft und Menschenrechte.<\/span>[\/vc_column_text][vc_empty_space][vc_btn title=&#8220;Mehr \u00fcber uns&#8220; link=&#8220;url:https%3A%2F%2Fsdc-ev.org%2Fabout%2F|title:%C3%9Cber|&#8220;][vc_empty_space][\/vc_column][vc_column width=&#8220;1\/2&#8243;][\/vc_column][\/vc_row][vc_row][vc_column][vc_empty_space height=&#8220;150&#8243;][\/vc_column][\/vc_row][\/vc_section][vc_row top_padding=&#8220;100px&#8220; bottom_padding=&#8220;36px&#8220; el_class=&#8220;padding-top-50&#8243;][vc_column][vc_custom_heading text=&#8220;Schwerpunkt unserer Hilfsarbeit&#8220; font_container=&#8220;tag:h2|font_size:50|text_align:center&#8220;][vc_empty_space height=&#8220;15&#8243;][vc_custom_heading text=&#8220;Unser Auftrag in Aktion&#8220; font_container=&#8220;tag:p|font_size:24|text_align:center|color:%23000000&#8243; use_theme_fonts=&#8220;yes&#8220;][vc_empty_space][vc_row_inner][vc_column_inner width=&#8220;1\/3&#8243;][vc_single_image image=&#8220;7459&#8243; img_size=&#8220;full&#8220; alignment=&#8220;center&#8220; style=&#8220;vc_box_rounded&#8220;][vc_empty_space][vc_custom_heading text=&#8220;Kampf gegen die Armut&#8220; font_container=&#8220;tag:h3|font_size:32|text_align:center&#8220;][vc_empty_space][vc_column_text]Wir f\u00f6rdern nachhaltige L\u00f6sungen, um Menschen aus der Armut zu befreien und ihren Lebensunterhalt zu sichern.[\/vc_column_text][vc_empty_space][\/vc_column_inner][vc_column_inner width=&#8220;1\/3&#8243;][vc_single_image image=&#8220;7461&#8243; img_size=&#8220;full&#8220; alignment=&#8220;center&#8220; style=&#8220;vc_box_rounded&#8220;][vc_empty_space][vc_custom_heading text=&#8220;Ern\u00e4hrungssicherheit&#8220; font_container=&#8220;tag:h3|font_size:32|text_align:center&#8220;][vc_empty_space][vc_column_text]Wir setzen uns daf\u00fcr ein, den Zugang zu ausreichender und gesunder Nahrung f\u00fcr alle zu gew\u00e4hrleisten.[\/vc_column_text][vc_empty_space][\/vc_column_inner][vc_column_inner width=&#8220;1\/3&#8243;][vc_single_image image=&#8220;7462&#8243; img_size=&#8220;full&#8220; alignment=&#8220;center&#8220; style=&#8220;vc_box_rounded&#8220; onclick=&#8220;custom_link&#8220; link=&#8220;https:\/\/sdc-ev.org\/sdc-health-program\/&#8220;][vc_empty_space][vc_custom_heading text=&#8220;Gesundheit&#8220; font_container=&#8220;tag:h3|font_size:32|text_align:center&#8220; link=&#8220;url:https%3A%2F%2Fsdc-ev.org%2Fsdc-health-program%2F|title:DEZA%20Gesundheitsprogramm|&#8220;][vc_empty_space][vc_column_text]Wir verbessern den Zugang zur Gesundheitsversorgung in unterversorgten Gebieten, indem wir die medizinische Infrastruktur st\u00e4rken, Vorsorgeuntersuchungen und Behandlungen anbieten, die Gesundheit von M\u00fcttern und Kindern unterst\u00fctzen, Menschen mit Behinderungen helfen und medizinische Notfallhilfe leisten.[\/vc_column_text][vc_empty_space][\/vc_column_inner][\/vc_row_inner][vc_row_inner css=&#8220;.vc_custom_1738761456754{padding-top: 50px !important;}&#8220;][vc_column_inner width=&#8220;1\/3&#8243;][vc_single_image image=&#8220;7460&#8243; img_size=&#8220;full&#8220; alignment=&#8220;center&#8220; style=&#8220;vc_box_rounded&#8220;][vc_empty_space][vc_custom_heading text=&#8220;Bildung&#8220; font_container=&#8220;tag:h3|font_size:32|text_align:center&#8220;][vc_empty_space][vc_column_text]Wir er\u00f6ffnen Perspektiven durch Bildung und st\u00e4rken so die Zukunftsaussichten von Kindern und Jugendlichen.[\/vc_column_text][vc_empty_space][\/vc_column_inner][vc_column_inner width=&#8220;1\/3&#8243;][vc_single_image image=&#8220;7464&#8243; img_size=&#8220;full&#8220; alignment=&#8220;center&#8220; style=&#8220;vc_box_rounded&#8220;][vc_empty_space][vc_custom_heading text=&#8220;Wasserversorgung&#8220; font_container=&#8220;tag:h3|font_size:32|text_align:center&#8220;][vc_empty_space][vc_column_text]Wir sorgen f\u00fcr sauberes Wasser, bessere Hygiene und eine sichere Versorgung der l\u00e4ndlichen Gemeinden.[\/vc_column_text][vc_empty_space][\/vc_column_inner][vc_column_inner width=&#8220;1\/3&#8243;][vc_single_image image=&#8220;7463&#8243; img_size=&#8220;full&#8220; alignment=&#8220;center&#8220; style=&#8220;vc_box_rounded&#8220;][vc_empty_space][vc_custom_heading text=&#8220;Infrastruktur&#8220; font_container=&#8220;tag:h3|font_size:32|text_align:center&#8220;][vc_empty_space][vc_column_text]Wir schaffen nachhaltige Geb\u00e4ude und Infrastrukturen, die Bildung, Wohnen und wirtschaftliche Entwicklung in l\u00e4ndlichen Gemeinden f\u00f6rdern.[\/vc_column_text][vc_empty_space][\/vc_column_inner][\/vc_row_inner][\/vc_column][\/vc_row][vc_row full_width=&#8220;stretch_row&#8220; equal_height=&#8220;yes&#8220; css=&#8220;.vc_custom_1739104391281{padding-top: 100px !important;padding-bottom: 100px !important;background-image: url(https:\/\/sdc-ev.org\/wp-content\/uploads\/2025\/02\/SDCeV_Donate_01.jpg?id=7532) !important;background-position: center !important;background-repeat: no-repeat !important;background-size: cover !important;}&#8220;][vc_column css=&#8220;.vc_custom_1738933817538{background-position: center !important;background-repeat: no-repeat !important;background-size: cover !important;}&#8220;][vc_custom_heading text=&#8220;Helfen Sie uns, die Geschichte der Bed\u00fcrftigen neu zu schreiben.&#8220; font_container=&#8220;tag:p|font_size:45|text_align:center|color:%23ffffff|line_height:1&#8243;][\/vc_column][\/vc_row][vc_section full_width=&#8220;stretch_row&#8220;][vc_row top_padding=&#8220;100px&#8220; bottom_padding=&#8220;36px&#8220; el_class=&#8220;padding-top-50&#8243;][vc_column][vc_empty_space height=&#8220;32&#8243;][vc_custom_heading text=&#8220;Unsere Sponsoring-Programme&#8220; font_container=&#8220;tag:h2|font_size:50|text_align:center&#8220;][vc_empty_space height=&#8220;32&#8243;][vc_custom_heading text=&#8220;Zukunft erm\u00f6glichen: Patenschaften, die Leben ver\u00e4ndern&#8220; font_container=&#8220;tag:p|font_size:18|text_align:center|color:%23000000&#8243; use_theme_fonts=&#8220;yes&#8220;][vc_empty_space][vc_row_inner][vc_column_inner width=&#8220;1\/2&#8243;][vc_single_image image=&#8220;7560&#8243; img_size=&#8220;full&#8220; alignment=&#8220;center&#8220; style=&#8220;vc_box_rounded&#8220; onclick=&#8220;custom_link&#8220; link=&#8220;https:\/\/sdc-ev.org\/orphans-sponsorship\/&#8220;][vc_empty_space][vc_custom_heading text=&#8220;Patenschaftsprogramm f\u00fcr Waisenkinder&#8220; font_container=&#8220;tag:h2|font_size:32|text_align:center&#8220; link=&#8220;url:https%3A%2F%2Fsdc-ev.org%2Forphans-sponsorship%2F|title:Patenschaft%20f%C3%BCr%20Waisenkinder|&#8220;][vc_empty_space][vc_column_text]Patenschaft f\u00fcr ein Kind durch  <strong>Nachhaltige Entwicklung Gemeinschaft e. V.<\/strong>  geht es um <strong>Bef\u00e4higung, W\u00fcrde und nachhaltige Ver\u00e4nderung.<\/strong> Ihr monatlicher Beitrag geht \u00fcber die Deckung der Grundbed\u00fcrfnisse hinaus &#8211; er bietet einem Kind <strong>die Grundlage f\u00fcr eine bessere Zukunft.<\/strong>[\/vc_column_text][vc_empty_space][\/vc_column_inner][vc_column_inner width=&#8220;1\/2&#8243;][vc_single_image image=&#8220;7500&#8243; img_size=&#8220;full&#8220; alignment=&#8220;center&#8220; style=&#8220;vc_box_rounded&#8220; onclick=&#8220;custom_link&#8220; link=&#8220;https:\/\/sdc-ev.org\/higher-education-sponsorship-program\/&#8220;][vc_empty_space][vc_custom_heading text=&#8220;Programm zur F\u00f6rderung der Hochschulbildung&#8220; font_container=&#8220;tag:h3|font_size:32|text_align:center&#8220; link=&#8220;url:https%3A%2F%2Fsdc-ev.org%2Fhigher-education-sponsorship-program%2F|title:Programm%20zur%20F%C3%B6rderung%20der%20Hochschulbildung|&#8220;][vc_empty_space][vc_column_text]\n<div class=\"wpb_text_column wpb_content_element \">\n<div class=\"wpb_wrapper\">\n<p>In Uganda ist der Weg zur Hochschulbildung voller Hindernisse, insbesondere f\u00fcr verwaiste und unterprivilegierte Studenten. Bildung ist ein Grundrecht, doch f\u00fcr viele bleibt sie ein unerreichbarer Traum. Bei Sustainable Development Community e. V. haben wir es uns zur Aufgabe gemacht, diesen Traum durch unser <strong>Highschool-Patenschaftsprogramm<\/strong> Wirklichkeit werden zu lassen.<\/p>\n<\/div>\n<\/div>\n[\/vc_column_text][vc_empty_space][\/vc_column_inner][\/vc_row_inner][\/vc_column][\/vc_row][\/vc_section]\n","protected":false},"excerpt":{"rendered":"<p>[vc_section full_width=&#8220;stretch_row&#8220; css=&#8220;.vc_custom_1738803091929{background-image: url(https:\/\/sdc-ev.org\/wp-content\/uploads\/2017\/11\/blog_optimal_4-1.jpg?id=7410) !important;background-position: center !important;background-repeat: no-repeat !important;background-size: cover !important;}&#8220;][vc_row][vc_column][vc_empty_space height=&#8220;150&#8243;][\/vc_column][\/vc_row][vc_row][vc_column width=&#8220;1\/2&#8243; css=&#8220;.vc_custom_1738803291865{background-color: rgba(0,0,0,0.4) !important;*background-color: rgb(0,0,0) [&hellip;]<\/p>\n","protected":false},"author":1,"featured_media":0,"parent":0,"menu_order":0,"comment_status":"closed","ping_status":"closed","template":"page-vc.php","meta":[],"categories":[192,195],"tags":[],"_links":{"self":[{"href":"https:\/\/sdc-ev.org\/de\/wp-json\/wp\/v2\/pages\/12857"}],"collection":[{"href":"https:\/\/sdc-ev.org\/de\/wp-json\/wp\/v2\/pages"}],"about":[{"href":"https:\/\/sdc-ev.org\/de\/wp-json\/wp\/v2\/types\/page"}],"author":[{"embeddable":true,"href":"https:\/\/sdc-ev.org\/de\/wp-json\/wp\/v2\/users\/1"}],"replies":[{"embeddable":true,"href":"https:\/\/sdc-ev.org\/de\/wp-json\/wp\/v2\/comments?post=12857"}],"version-history":[{"count":3,"href":"https:\/\/sdc-ev.org\/de\/wp-json\/wp\/v2\/pages\/12857\/revisions"}],"predecessor-version":[{"id":12860,"href":"https:\/\/sdc-ev.org\/de\/wp-json\/wp\/v2\/pages\/12857\/revisions\/12860"}],"wp:attachment":[{"href":"https:\/\/sdc-ev.org\/de\/wp-json\/wp\/v2\/media?parent=12857"}],"wp:term":[{"taxonomy":"category","embeddable":true,"href":"https:\/\/sdc-ev.org\/de\/wp-json\/wp\/v2\/categories?post=12857"},{"taxonomy":"post_tag","embeddable":true,"href":"https:\/\/sdc-ev.org\/de\/wp-json\/wp\/v2\/tags?post=12857"}],"curies":[{"name":"wp","href":"https:\/\/api.w.org\/{rel}","templated":true}]}}