{"id":12889,"date":"2018-12-27T01:59:04","date_gmt":"2018-12-27T00:59:04","guid":{"rendered":"https:\/\/sdc-ev.org\/rechtliche-offenlegung\/"},"modified":"2025-09-09T14:14:06","modified_gmt":"2025-09-09T12:14:06","slug":"rechtliche-offenlegung","status":"publish","type":"page","link":"https:\/\/sdc-ev.org\/de\/rechtliche-offenlegung\/","title":{"rendered":"Impressum"},"content":{"rendered":"[vc_row full_width=&#8220;stretch_row&#8220; css=&#8220;.vc_custom_1545873526687{background-color: #f8f8f8 !important;}&#8220;][vc_column][vc_column_text]\n<h1>Impressum<\/h1>\n<p>Informationen gem\u00e4\u00df \u00a7 5 TMG<\/p>\n<p>Sustainable Development Community e. V. V.<br \/>\nNeckarstr. 211<br \/>\n70190 Stuttgart<\/p>\n<p>Vertreten durch<br \/>\nM.Sc. Amjad Ayoubi<\/p>\n<h2>Kontaktinformationen<\/h2>\n<p>Telefon: +49-711-47981584<br \/>\nFax: +49-711-47981585<br \/>\nE-Mail: info@sdc-ev.org<br \/>\nInternetadresse: www.sdc-ev.org<\/p>\n<h2>Eintrag registrieren<\/h2>\n<p>Eintrag in: Vereinsregister<br \/>\nRegister-Nummer: VR 721945<br \/>\nRegistergericht: Stuttgart<\/p>\n<h2>Grafiken, Bilder und Quellen f\u00fcr Vorlagen<\/h2>\n<p>Das Design dieser Website basiert auf einer lizenzierten Vorlage von Fluent-Themes.<br \/>\nZus\u00e4tzliche Grafiken, Bilder und Icons sind ebenfalls m\u00f6glich:<\/p>\n<p>gekauft und lizenziert \u00fcber Envato Elements (www.envato.com), oder<\/p>\n<p>von uns erstellt, oder<\/p>\n<p>mit Genehmigung oder unter g\u00fcltigen Lizenzen verwendet.<\/p>\n<p>Alle Beispielbilder, die urspr\u00fcnglich in der gekauften Vorlage enthalten waren, wurden durch lizenzierte oder selbst erstellte Inhalte ersetzt.<\/p>\n<h2>Haftungsausschluss<\/h2>\n<h3>Verantwortlichkeit f\u00fcr den Inhalt<\/h3>\n<p>Die Inhalte unserer Seiten wurden mit gr\u00f6\u00dftm\u00f6glicher Sorgfalt erstellt. F\u00fcr die Richtigkeit, Vollst\u00e4ndigkeit und Aktualit\u00e4t der Inhalte k\u00f6nnen wir jedoch keine Gew\u00e4hr \u00fcbernehmen. Gem\u00e4\u00df den gesetzlichen Bestimmungen sind wir dar\u00fcber hinaus f\u00fcr unsere eigenen Inhalte auf diesen Webseiten verantwortlich. Bitte beachten Sie in diesem Zusammenhang, dass wir nicht verpflichtet sind, die \u00fcbermittelten oder gespeicherten Daten Dritter zu \u00fcberwachen oder nach Umst\u00e4nden zu forschen, die auf eine rechtswidrige T\u00e4tigkeit hinweisen. Unsere Verpflichtungen zur Entfernung oder Sperrung der Nutzung von Informationen nach den allgemeinen Gesetzen bleiben hiervon gem\u00e4\u00df \u00a7\u00a7 8 bis 10 Telemediengesetz (TMG) unber\u00fchrt.<\/p>\n<h3>Verantwortlichkeit f\u00fcr Links<\/h3>\n<p>F\u00fcr den Inhalt externer Links (zu Webseiten Dritter) sind ausschlie\u00dflich die Betreiber der verlinkten Seiten verantwortlich. Zum Zeitpunkt der Verlinkung waren f\u00fcr uns keine Verst\u00f6\u00dfe ersichtlich. Bei Bekanntwerden von Rechtsverletzungen werden wir den betreffenden Link umgehend entfernen.<\/p>\n<h2>Copyright<\/h2>\n<p>Unsere Webseiten und deren Inhalte unterliegen dem deutschen Urheberrecht. Jede Form der Nutzung, Vervielf\u00e4ltigung oder Bearbeitung von urheberrechtlich gesch\u00fctzten Werken auf unseren Webseiten bedarf, soweit nicht ausdr\u00fccklich gesetzlich erlaubt, der vorherigen Zustimmung des jeweiligen Rechteinhabers. Individuelle Reproduktionen eines Werkes sind nur f\u00fcr den privaten Gebrauch erlaubt. Die Materialien auf diesen Seiten sind urheberrechtlich gesch\u00fctzt und jede nicht autorisierte Verwendung kann gegen das Urheberrecht versto\u00dfen.[\/vc_column_text][\/vc_column][\/vc_row]\n","protected":false},"excerpt":{"rendered":"<p>[vc_row full_width=&#8220;stretch_row&#8220; css=&#8220;.vc_custom_1545873526687{background-color: #f8f8f8 !important;}&#8220;][vc_column][vc_column_text] Impressum Informationen gem\u00e4\u00df \u00a7 5 TMG Sustainable Development Community e. V. V. [&hellip;]<\/p>\n","protected":false},"author":1,"featured_media":0,"parent":0,"menu_order":0,"comment_status":"closed","ping_status":"closed","template":"","meta":[],"categories":[],"tags":[],"_links":{"self":[{"href":"https:\/\/sdc-ev.org\/de\/wp-json\/wp\/v2\/pages\/12889"}],"collection":[{"href":"https:\/\/sdc-ev.org\/de\/wp-json\/wp\/v2\/pages"}],"about":[{"href":"https:\/\/sdc-ev.org\/de\/wp-json\/wp\/v2\/types\/page"}],"author":[{"embeddable":true,"href":"https:\/\/sdc-ev.org\/de\/wp-json\/wp\/v2\/users\/1"}],"replies":[{"embeddable":true,"href":"https:\/\/sdc-ev.org\/de\/wp-json\/wp\/v2\/comments?post=12889"}],"version-history":[{"count":10,"href":"https:\/\/sdc-ev.org\/de\/wp-json\/wp\/v2\/pages\/12889\/revisions"}],"predecessor-version":[{"id":13185,"href":"https:\/\/sdc-ev.org\/de\/wp-json\/wp\/v2\/pages\/12889\/revisions\/13185"}],"wp:attachment":[{"href":"https:\/\/sdc-ev.org\/de\/wp-json\/wp\/v2\/media?parent=12889"}],"wp:term":[{"taxonomy":"category","embeddable":true,"href":"https:\/\/sdc-ev.org\/de\/wp-json\/wp\/v2\/categories?post=12889"},{"taxonomy":"post_tag","embeddable":true,"href":"https:\/\/sdc-ev.org\/de\/wp-json\/wp\/v2\/tags?post=12889"}],"curies":[{"name":"wp","href":"https:\/\/api.w.org\/{rel}","templated":true}]}}