{"id":12895,"date":"2018-12-29T16:09:55","date_gmt":"2018-12-29T15:09:55","guid":{"rendered":"https:\/\/sdc-ev.org\/wie-sie-helfen-koennen\/"},"modified":"2025-05-19T13:16:50","modified_gmt":"2025-05-19T11:16:50","slug":"wie-sie-helfen-koennen","status":"publish","type":"page","link":"https:\/\/sdc-ev.org\/de\/wie-sie-helfen-koennen\/","title":{"rendered":"Ich will helfen"},"content":{"rendered":"[vc_row][vc_column][vc_custom_heading text=&#8220;Wie Sie helfen k\u00f6nnen | Sustainable Development Community e. V.&#8220; font_container=&#8220;tag:h1|font_size:32|text_align:left&#8220;][\/vc_column][\/vc_row][vc_row css=&#8220;.vc_custom_1546100776958{margin-top: 50px !important;margin-bottom: 50px !important;padding-top: 10px !important;padding-bottom: 10px !important;}&#8220;][vc_column width=&#8220;1\/6&#8243;][\/vc_column][vc_column width=&#8220;2\/3&#8243;][vc_video link=&#8220;https:\/\/www.youtube.com\/watch?v=1Zs0Ml0lU3E&#8220;][\/vc_column][vc_column width=&#8220;1\/6&#8243;][\/vc_column][\/vc_row][vc_row css=&#8220;.vc_custom_1546108660755{margin-top: 50px !important;margin-bottom: 50px !important;padding-top: 10px !important;padding-bottom: 10px !important;}&#8220;][vc_column width=&#8220;1\/2&#8243;][vc_column_text]<strong>Wie k\u00f6nnen Sie helfen?<\/strong><\/p>\n<p>Ein wichtiger Teil unseres Wachstums und unserer Motivation als Menschen liegt darin, einen Beitrag zum Allgemeinwohl zu leisten, Teil von etwas zu sein, das gr\u00f6\u00dfer ist als wir selbst. W\u00e4hrend &#8222;die Welt zu einem besseren Ort machen&#8220; oft Bilder von gro\u00dfen Anf\u00fchrern an der Spitze m\u00e4chtiger sozialer Bewegungen, von Forschern in wei\u00dfen Kitteln, die neue Medikamente oder Energiequellen entwickeln, oder von Genies, die Theorien entwickeln, die die Welt um uns herum erkl\u00e4ren, hervorruft, gibt es viel Raum f\u00fcr weniger hochtrabende Taten, die das Leben der Menschen um uns herum ein wenig gl\u00fccklicher machen. Kleine Gesten k\u00f6nnen unser Gef\u00fchl der Gemeinschaft und der geteilten Menschlichkeit schaffen oder st\u00e4rken, unsere Last f\u00fcr einen Moment erleichtern und uns etwas zum L\u00e4cheln geben. Und das ist keine Kleinigkeit.[\/vc_column_text][\/vc_column][vc_column width=&#8220;1\/2&#8243;][vc_column_text]Auch wenn es immer noch enorme Probleme in der Welt gibt, glauben wir, dass wir sie \u00fcberwinden k\u00f6nnen. Wir glauben, dass dies f\u00fcr uns alle von entscheidender Bedeutung ist. Wir m\u00fcssen Hoffnung haben, um gemeinsam auf eine bessere Zukunft hinzuarbeiten, um an uns selbst zu glauben.  <\/p>\n<p>Haben Sie ein Talent daf\u00fcr, andere Menschen f\u00fcr unser gemeinsames Projekt zu begeistern? Sind Sie Musiker, engagieren Sie sich im Sport, sind Sie Lehrer oder leiten Sie ein Unternehmen, das sich f\u00fcr die soziale Verantwortung von Unternehmen einsetzt? Oder m\u00f6chten Sie lieber eine einfache Spende machen? Sie entscheiden. Wir begr\u00fc\u00dfen Ihren Beitrag zu unserem Kampf f\u00fcr die Armen von ganzem Herzen. Nachfolgend erhalten Sie einen \u00dcberblick \u00fcber die M\u00f6glichkeiten, die wir uns \u00fcberlegt haben. Wenn Sie eine andere Idee haben, k\u00f6nnen Sie uns gerne kontaktieren: <a href=\"mailto:info@sdc-ev.org\">info@sdc-ev.org<\/a>[\/vc_column_text][\/vc_column][\/vc_row][vc_row][vc_column][vc_separator][\/vc_column][\/vc_row][vc_row css=&#8220;.vc_custom_1546099542557{margin-top: 50px !important;margin-bottom: 50px !important;padding-top: 10px !important;padding-bottom: 10px !important;}&#8220;][vc_column][vc_row_inner css=&#8220;.vc_custom_1747651623101{padding-top: 50px !important;padding-bottom: 50px !important;}&#8220;][vc_column_inner width=&#8220;1\/2&#8243;][vc_single_image image=&#8220;7267&#8243; img_size=&#8220;large&#8220; alignment=&#8220;center&#8220;][\/vc_column_inner][vc_column_inner width=&#8220;1\/2&#8243;][vc_custom_heading text=&#8220;Spenden Sie&#8220; font_container=&#8220;tag:h2|font_size:32|text_align:center&#8220; link=&#8220;url:https%3A%2F%2Fsdc-ev.org%2Fde%2Fspenden%2F|title:SPENDEN|&#8220;][vc_column_text]\n<p style=\"text-align: center;\"><strong><span style=\"color: #77ba1a;\">Sie m\u00f6gen sich wie ein Tropfen auf den hei\u00dfen Stein f\u00fchlen.<\/span>  Aber jeder Tropfen z\u00e4hlt!<\/strong><\/p>\n[\/vc_column_text][vc_empty_space][vc_btn title=&#8220;Spenden Sie&#8220; color=&#8220;green&#8220; align=&#8220;center&#8220; link=&#8220;url:https%3A%2F%2Fsdc-ev.org%2Fde%2Fspenden%2F|title:SPENDEN|&#8220;][\/vc_column_inner][\/vc_row_inner][vc_row_inner css=&#8220;.vc_custom_1747650985282{padding-top: 50px !important;padding-bottom: 50px !important;}&#8220;][vc_column_inner width=&#8220;1\/2&#8243;][vc_single_image image=&#8220;4107&#8243; img_size=&#8220;large&#8220; alignment=&#8220;center&#8220;][\/vc_column_inner][vc_column_inner width=&#8220;1\/2&#8243;][vc_custom_heading text=&#8220;REGELM\u00c4SSIGE SPENDE&#8220; font_container=&#8220;tag:h2|font_size:32|text_align:center&#8220; link=&#8220;url:https%3A%2F%2Fsdc-ev.org%2Fde%2Fspenden%2F|title:SPENDEN|&#8220;][vc_column_text]\n<p style=\"text-align: center;\"><strong><span style=\"color: #77ba1a;\">Wiederkehrende Spenden sind das Lebenselixier unseres Engagements. <\/span>Helfen Sie uns monatlich!<\/strong><\/p>\n[\/vc_column_text][vc_empty_space][vc_btn title=&#8220;Spenden Sie&#8220; color=&#8220;green&#8220; align=&#8220;center&#8220; link=&#8220;url:https%3A%2F%2Fsdc-ev.org%2Fde%2Fspenden%2F|title:SPENDEN|&#8220;][\/vc_column_inner][\/vc_row_inner][vc_row_inner css=&#8220;.vc_custom_1747650985282{padding-top: 50px !important;padding-bottom: 50px !important;}&#8220;][vc_column_inner width=&#8220;1\/2&#8243;][vc_single_image image=&#8220;7560&#8243; img_size=&#8220;large&#8220; alignment=&#8220;center&#8220; onclick=&#8220;custom_link&#8220; link=&#8220;https:\/\/sdc-ev.org\/de\/?page_id=12881&#8243;][\/vc_column_inner][vc_column_inner width=&#8220;1\/2&#8243;][vc_custom_heading text=&#8220;Patenschaft f\u00fcr ein Waisenkind&#8220; font_container=&#8220;tag:h2|font_size:32|text_align:center&#8220; link=&#8220;url:https%3A%2F%2Fsdc-ev.org%2Fde%2F%3Fpage_id%3D12881|title:SPENDEN|&#8220;][vc_column_text]\n<p style=\"text-align: center;\"><strong><span style=\"color: #77ba1a;\">Indem Sie eine Patenschaft f\u00fcr ein Waisenkind \u00fcbernehmen, <\/span>geben Sie ihm eine Zukunft, eine Ausbildung und Liebe &#8211; jeden einzelnen Tag.<\/strong><\/p>\n[\/vc_column_text][vc_empty_space][vc_btn title=&#8220;Patenschaft f\u00fcr ein Waisenkind&#8220; color=&#8220;green&#8220; align=&#8220;center&#8220; link=&#8220;url:https%3A%2F%2Fsdc-ev.org%2Fde%2F%3Fpage_id%3D12881|title:SPENDEN|&#8220;][\/vc_column_inner][\/vc_row_inner][vc_row_inner css=&#8220;.vc_custom_1747650985282{padding-top: 50px !important;padding-bottom: 50px !important;}&#8220;][vc_column_inner width=&#8220;1\/2&#8243;][vc_single_image image=&#8220;7500&#8243; img_size=&#8220;large&#8220; alignment=&#8220;center&#8220; onclick=&#8220;custom_link&#8220; link=&#8220;https:\/\/sdc-ev.org\/de\/programm-zur-foerderung-der-hochschulbildung\/&#8220;][\/vc_column_inner][vc_column_inner width=&#8220;1\/2&#8243;][vc_custom_heading text=&#8220;Patenschaft f\u00fcr einen Studenten&#8220; font_container=&#8220;tag:h2|font_size:32|text_align:center&#8220; link=&#8220;url:https%3A%2F%2Fsdc-ev.org%2Fde%2Fprogramm-zur-foerderung-der-hochschulbildung%2F|title:SPENDEN|&#8220;][vc_column_text]\n<p style=\"text-align: center;\"><strong><span style=\"color: #77ba1a;\">Mit Ihrer Hilfe wird ein Traum zu einem Abschluss. <\/span>Unterst\u00fctzen Sie die Hochschulausbildung eines engagierten Studenten.  <\/strong><\/p>\n[\/vc_column_text][vc_empty_space][vc_btn title=&#8220;Patenschaft f\u00fcr einen Studenten&#8220; color=&#8220;green&#8220; align=&#8220;center&#8220; link=&#8220;url:https%3A%2F%2Fsdc-ev.org%2Fde%2Fprogramm-zur-foerderung-der-hochschulbildung%2F|title:SPENDEN|&#8220;][\/vc_column_inner][\/vc_row_inner][vc_row_inner css=&#8220;.vc_custom_1747650985282{padding-top: 50px !important;padding-bottom: 50px !important;}&#8220;][vc_column_inner width=&#8220;1\/2&#8243;][vc_single_image image=&#8220;7320&#8243; img_size=&#8220;large&#8220; alignment=&#8220;center&#8220;][\/vc_column_inner][vc_column_inner width=&#8220;1\/2&#8243;][vc_custom_heading text=&#8220;Unterst\u00fctzen Sie Projekte f\u00fcr sauberes Wasser&#8220; font_container=&#8220;tag:h2|font_size:32|text_align:center&#8220; link=&#8220;url:https%3A%2F%2Fsdc-ev.org%2Fde%2F%3Fpage_id%3D12848|&#8220;][vc_column_text]\n<p style=\"text-align: center;\"><strong><span style=\"color: #77ba1a;\">Spenden Sie, um Brunnen zu reparieren oder neu zu bauen und sauberes Wasser bereitzustellen.  <\/span>Weltweit.  <\/strong><\/p>\n[\/vc_column_text][vc_empty_space][vc_btn title=&#8220;Unterst\u00fctzen Sie Projekte f\u00fcr sauberes Wasser&#8220; color=&#8220;green&#8220; align=&#8220;center&#8220; link=&#8220;url:https%3A%2F%2Fsdc-ev.org%2Fde%2F%3Fpage_id%3D12848|title:SDC%20Wasserversorgung|&#8220;][\/vc_column_inner][\/vc_row_inner][vc_row_inner css=&#8220;.vc_custom_1747650985282{padding-top: 50px !important;padding-bottom: 50px !important;}&#8220;][vc_column_inner width=&#8220;1\/2&#8243;][vc_single_image image=&#8220;2764&#8243; img_size=&#8220;large&#8220; alignment=&#8220;center&#8220; onclick=&#8220;custom_link&#8220; link=&#8220;https:\/\/sdc-ev.org\/de\/?page_id=12893&#8243;][\/vc_column_inner][vc_column_inner width=&#8220;1\/2&#8243;][vc_custom_heading text=&#8220;EIN SINNVOLLES GESCHENK MACHEN&#8220; font_container=&#8220;tag:h2|font_size:32|text_align:center&#8220; link=&#8220;url:https%3A%2F%2Fsdc-ev.org%2Fde%2Fspenden%2F|title:SPENDEN|&#8220;][vc_column_text]\n<p style=\"text-align: center;\"><strong><span style=\"color: #77ba1a;\">Sie k\u00f6nnen einen Unterschied machen,<\/span> also warum tun Sie es nicht?<\/strong><\/p>\n[\/vc_column_text][vc_empty_space][vc_btn title=&#8220;Zeigen Sie mir wie&#8220; color=&#8220;green&#8220; align=&#8220;center&#8220; link=&#8220;url:https%3A%2F%2Fsdc-ev.org%2Fde%2F%3Fpage_id%3D12893|title:SPENDEN|&#8220;][\/vc_column_inner][\/vc_row_inner][vc_row_inner css=&#8220;.vc_custom_1747650985282{padding-top: 50px !important;padding-bottom: 50px !important;}&#8220;][vc_column_inner width=&#8220;1\/2&#8243;][vc_single_image image=&#8220;2741&#8243; img_size=&#8220;large&#8220; alignment=&#8220;center&#8220; onclick=&#8220;custom_link&#8220; link=&#8220;https:\/\/sdc-ev.org\/de\/?page_id=12877&#8243;][\/vc_column_inner][vc_column_inner width=&#8220;1\/2&#8243;][vc_custom_heading text=&#8220;VOLUNTEER&#8220; font_container=&#8220;tag:h2|font_size:32|text_align:center&#8220; link=&#8220;url:https%3A%2F%2Fsdc-ev.org%2Fde%2F%3Fpage_id%3D12877|title:SPENDEN|&#8220;][vc_column_text]\n<p style=\"text-align: center;\"><strong><span style=\"color: #77ba1a;\">Wenn Sie jemanden ohne L\u00e4cheln sehen,<\/span> schenken Sie ihm eines von Ihnen.<\/strong><\/p>\n[\/vc_column_text][vc_empty_space][vc_btn title=&#8220;Freiwillige&#8220; color=&#8220;green&#8220; align=&#8220;center&#8220; link=&#8220;url:https%3A%2F%2Fsdc-ev.org%2Fde%2F%3Fpage_id%3D12877|title:SPENDEN|&#8220;][\/vc_column_inner][\/vc_row_inner][\/vc_column][\/vc_row]\n","protected":false},"excerpt":{"rendered":"<p>[vc_row][vc_column][vc_custom_heading text=&#8220;Wie Sie helfen k\u00f6nnen | Sustainable Development Community e. V.&#8220; font_container=&#8220;tag:h1|font_size:32|text_align:left&#8220;][\/vc_column][\/vc_row][vc_row css=&#8220;.vc_custom_1546100776958{margin-top: 50px !important;margin-bottom: 50px !important;padding-top: [&hellip;]<\/p>\n","protected":false},"author":1,"featured_media":0,"parent":0,"menu_order":0,"comment_status":"closed","ping_status":"closed","template":"","meta":[],"categories":[],"tags":[],"_links":{"self":[{"href":"https:\/\/sdc-ev.org\/de\/wp-json\/wp\/v2\/pages\/12895"}],"collection":[{"href":"https:\/\/sdc-ev.org\/de\/wp-json\/wp\/v2\/pages"}],"about":[{"href":"https:\/\/sdc-ev.org\/de\/wp-json\/wp\/v2\/types\/page"}],"author":[{"embeddable":true,"href":"https:\/\/sdc-ev.org\/de\/wp-json\/wp\/v2\/users\/1"}],"replies":[{"embeddable":true,"href":"https:\/\/sdc-ev.org\/de\/wp-json\/wp\/v2\/comments?post=12895"}],"version-history":[{"count":6,"href":"https:\/\/sdc-ev.org\/de\/wp-json\/wp\/v2\/pages\/12895\/revisions"}],"predecessor-version":[{"id":13082,"href":"https:\/\/sdc-ev.org\/de\/wp-json\/wp\/v2\/pages\/12895\/revisions\/13082"}],"wp:attachment":[{"href":"https:\/\/sdc-ev.org\/de\/wp-json\/wp\/v2\/media?parent=12895"}],"wp:term":[{"taxonomy":"category","embeddable":true,"href":"https:\/\/sdc-ev.org\/de\/wp-json\/wp\/v2\/categories?post=12895"},{"taxonomy":"post_tag","embeddable":true,"href":"https:\/\/sdc-ev.org\/de\/wp-json\/wp\/v2\/tags?post=12895"}],"curies":[{"name":"wp","href":"https:\/\/api.w.org\/{rel}","templated":true}]}}