{"id":12901,"date":"2018-12-27T07:41:05","date_gmt":"2018-12-27T06:41:05","guid":{"rendered":"https:\/\/sdc-ev.org\/kontakt\/"},"modified":"2025-05-18T14:03:35","modified_gmt":"2025-05-18T12:03:35","slug":"kontakt","status":"publish","type":"page","link":"https:\/\/sdc-ev.org\/de\/kontakt\/","title":{"rendered":"Kontakt"},"content":{"rendered":"[vc_row][vc_column width=&#8220;1\/2&#8243;][vc_single_image image=&#8220;7531&#8243; img_size=&#8220;large&#8220;][\/vc_column][vc_column width=&#8220;1\/2&#8243;][vc_custom_heading text=&#8220;Kontakt | Sustainable Development Community e. V.&#8220; font_container=&#8220;tag:h1|font_size:32|text_align:left&#8220;][vc_empty_space][vc_column_text]Sie k\u00f6nnen uns von Montag bis Freitag von 8.30-17.00 Uhr per Telefon\/WhatsApp erreichen: 0176 73575896. Unser Team beantwortet in dieser Zeit gerne alle Fragen und Anliegen, die Sie haben, und hilft Ihnen weiter. Au\u00dferhalb der \u00d6ffnungszeiten k\u00f6nnen Sie uns gerne eine Nachricht hinterlassen &#8211; wir werden uns so schnell wie m\u00f6glich bei Ihnen melden.  <\/p>\n<p><strong>Adresse:<\/strong> Neckarstr. 211, 70190 Stuttgart<\/p>\n<p><strong>E-Mail:<\/strong> info(at)sdc-ev.org<\/p>\n<p>Wir helfen Ihnen gerne bei Ihrem Anliegen![\/vc_column_text][vc_empty_space][\/vc_column][\/vc_row]\n","protected":false},"excerpt":{"rendered":"<p>[vc_row][vc_column width=&#8220;1\/2&#8243;][vc_single_image image=&#8220;7531&#8243; img_size=&#8220;large&#8220;][\/vc_column][vc_column width=&#8220;1\/2&#8243;][vc_custom_heading text=&#8220;Kontakt | Sustainable Development Community e. V.&#8220; font_container=&#8220;tag:h1|font_size:32|text_align:left&#8220;][vc_empty_space][vc_column_text]Sie k\u00f6nnen uns von Montag [&hellip;]<\/p>\n","protected":false},"author":1,"featured_media":0,"parent":0,"menu_order":0,"comment_status":"closed","ping_status":"closed","template":"contact.php","meta":[],"categories":[],"tags":[],"_links":{"self":[{"href":"https:\/\/sdc-ev.org\/de\/wp-json\/wp\/v2\/pages\/12901"}],"collection":[{"href":"https:\/\/sdc-ev.org\/de\/wp-json\/wp\/v2\/pages"}],"about":[{"href":"https:\/\/sdc-ev.org\/de\/wp-json\/wp\/v2\/types\/page"}],"author":[{"embeddable":true,"href":"https:\/\/sdc-ev.org\/de\/wp-json\/wp\/v2\/users\/1"}],"replies":[{"embeddable":true,"href":"https:\/\/sdc-ev.org\/de\/wp-json\/wp\/v2\/comments?post=12901"}],"version-history":[{"count":7,"href":"https:\/\/sdc-ev.org\/de\/wp-json\/wp\/v2\/pages\/12901\/revisions"}],"predecessor-version":[{"id":13060,"href":"https:\/\/sdc-ev.org\/de\/wp-json\/wp\/v2\/pages\/12901\/revisions\/13060"}],"wp:attachment":[{"href":"https:\/\/sdc-ev.org\/de\/wp-json\/wp\/v2\/media?parent=12901"}],"wp:term":[{"taxonomy":"category","embeddable":true,"href":"https:\/\/sdc-ev.org\/de\/wp-json\/wp\/v2\/categories?post=12901"},{"taxonomy":"post_tag","embeddable":true,"href":"https:\/\/sdc-ev.org\/de\/wp-json\/wp\/v2\/tags?post=12901"}],"curies":[{"name":"wp","href":"https:\/\/api.w.org\/{rel}","templated":true}]}}