{"id":12904,"date":"0205-05-15T16:00:12","date_gmt":"0205-05-15T15:06:44","guid":{"rendered":"https:\/\/sdc-ev.org\/projekte\/"},"modified":"2025-05-20T12:17:09","modified_gmt":"2025-05-20T10:17:09","slug":"projekte","status":"publish","type":"page","link":"https:\/\/sdc-ev.org\/de\/projekte\/","title":{"rendered":"Projekte"},"content":{"rendered":"[vc_section][vc_row][vc_column][vc_custom_heading text=&#8220;Aktuelle Projekte&#8220; font_container=&#8220;tag:h2|font_size:50|text_align:center&#8220;][vc_custom_heading text=&#8220;Gemeinschaften durch Aktion und Mitgef\u00fchl ver\u00e4ndern&#8220; font_container=&#8220;tag:p|font_size:18|text_align:center&#8220; use_theme_fonts=&#8220;yes&#8220;][vc_empty_space][\/vc_column][\/vc_row][vc_row][vc_column width=&#8220;1\/3&#8243;][vc_single_image image=&#8220;7592&#8243; img_size=&#8220;large&#8220; alignment=&#8220;center&#8220; onclick=&#8220;custom_link&#8220; link=&#8220;https:\/\/sdc-ev.org\/de\/projekte\/kurban\/&#8220;][vc_empty_space height=&#8220;18px&#8220;][vc_custom_heading text=&#8220;Kurban&#8220; font_container=&#8220;tag:h2|font_size:32|text_align:center&#8220; link=&#8220;url:https%3A%2F%2Fsdc-ev.org%2Fde%2Fprojekte%2Fkurban%2F|title:Kurban|&#8220;][vc_empty_space height=&#8220;18px&#8220;][vc_column_text]Jedes Jahr zum Opferfest (Bayram) erm\u00f6glichen wir Muslimen in Deutschland, ihren Kurban nach islamischer Tradition in Uganda zu vollziehen &#8211; wo das Opfer echten Hunger stillt und ganze D\u00f6rfer ern\u00e4hrt.[\/vc_column_text][vc_empty_space][\/vc_column][vc_column width=&#8220;1\/3&#8243;][vc_single_image image=&#8220;7595&#8243; img_size=&#8220;large&#8220; alignment=&#8220;center&#8220; onclick=&#8220;custom_link&#8220; link=&#8220;https:\/\/sdc-ev.org\/causes\/maismuehle-uganda\/&#8220;][vc_empty_space height=&#8220;18px&#8220;][vc_custom_heading text=&#8220;Mais-M\u00fchlenanlage in Uganda&#8220; font_container=&#8220;tag:h2|font_size:32|text_align:center&#8220; link=&#8220;url:https%3A%2F%2Fsdc-ev.org%2Fcauses%2Fmaismuehle-uganda%2F|title:Unser%20Maism%C3%BChlen-Projekt%20in%20Uganda|&#8220;][vc_empty_space height=&#8220;18px&#8220;][vc_column_text]Unterst\u00fctzen Sie uns beim Bau einer Maism\u00fchle in Uganda, die t\u00e4glich \u00fcber 10.000 Kinder &#8211; darunter 1.000 Waisenkinder &#8211; mit nahrhaftem Maismehl versorgt. Das Projekt bek\u00e4mpft den Hunger, schafft Arbeitspl\u00e4tze und st\u00e4rkt die Selbstversorgung der Landbev\u00f6lkerung.[\/vc_column_text][vc_empty_space][\/vc_column][vc_column width=&#8220;1\/3&#8243;][vc_single_image image=&#8220;13120&#8243; img_size=&#8220;large&#8220; alignment=&#8220;center&#8220; onclick=&#8220;custom_link&#8220; link=&#8220;https:\/\/sdc-ev.org\/de\/projekte\/hearease-fuer-kleine-ohren\/&#8220;][vc_empty_space height=&#8220;18px&#8220;][vc_custom_heading text=&#8220;HearEase f\u00fcr kleine Ohren&#8220; font_container=&#8220;tag:h2|font_size:32|text_align:center&#8220; link=&#8220;url:https%3A%2F%2Fsdc-ev.org%2Fde%2Fprojekte%2Fhearease-fuer-kleine-ohren%2F|title:Unser%20Maism%C3%BChlen-Projekt%20in%20Uganda|&#8220;][vc_empty_space height=&#8220;18px&#8220;][vc_column_text]HearEase gibt 48 bed\u00fcrftigen Kindern in Uganda die Chance, zu h\u00f6ren, zu lernen und sich zu entfalten. Dieses Projekt bietet individuell angepasste H\u00f6rger\u00e4te, professionelle Betreuung und integrative Bildungsangebote f\u00fcr Kinder mit H\u00f6rbehinderungen. In Zusammenarbeit mit lokalen Experten verwandelt HearEase die Stille in eine Chance.[\/vc_column_text][vc_empty_space][\/vc_column][\/vc_row][\/vc_section][vc_section][vc_row][vc_column][vc_empty_space][vc_custom_heading text=&#8220;Weitere Projekte&#8220; font_container=&#8220;tag:h2|font_size:50|text_align:center&#8220;][vc_empty_space height=&#8220;18px&#8220;][vc_custom_heading text=&#8220;Was wir gemeinsam erreichen k\u00f6nnen.&#8220; font_container=&#8220;tag:p|font_size:18|text_align:center&#8220; use_theme_fonts=&#8220;yes&#8220;][vc_empty_space][\/vc_column][\/vc_row][vc_row][vc_column width=&#8220;1\/3&#8243;][vc_single_image image=&#8220;7234&#8243; img_size=&#8220;large&#8220; alignment=&#8220;center&#8220; onclick=&#8220;custom_link&#8220; link=&#8220;https:\/\/sdc-ev.org\/causes\/santa-maria-de-jesus-2\/&#8220;][vc_empty_space height=&#8220;18px&#8220;][vc_custom_heading text=&#8220;Santa Maria de Jesus&#8220; font_container=&#8220;tag:h2|font_size:32|text_align:center&#8220; link=&#8220;url:https%3A%2F%2Fsdc-ev.org%2Fcauses%2Fsanta-maria-de-jesus-2%2F|title:Santa%20Maria%20de%20Jesus|&#8220;][vc_empty_space height=&#8220;18px&#8220;][vc_column_text]Das Projekt in Santa Mar\u00eda de Jes\u00fas in Guatemala verbessert die Wasserversorgung mit Solarpumpen, Zisternen und neuen Leitungen. Au\u00dferdem wird ein nachhaltiges Abfallmanagementsystem mit Recycling, M\u00fcllabfuhr und Aufkl\u00e4rung aufgebaut. Langfristig ist auch ein Gesundheitszentrum geplant.[\/vc_column_text][vc_empty_space][\/vc_column][vc_column width=&#8220;1\/3&#8243;][vc_single_image image=&#8220;7145&#8243; img_size=&#8220;large&#8220; alignment=&#8220;center&#8220; onclick=&#8220;custom_link&#8220; link=&#8220;https:\/\/sdc-ev.org\/causes\/school-battambang-cambodia\/&#8220;][vc_empty_space height=&#8220;18px&#8220;][vc_custom_heading text=&#8220;Schulbau in Battambang, Kambodscha&#8220; font_container=&#8220;tag:h2|font_size:32|text_align:center&#8220; link=&#8220;url:https%3A%2F%2Fsdc-ev.org%2Fcauses%2Fschool-battambang-cambodia%2F|title:Santa%20Maria%20de%20Jesus|&#8220;][vc_empty_space height=&#8220;18px&#8220;][vc_column_text]In Battambang, Kambodscha, ist ein Schulbauprojekt geplant, um Kindern in l\u00e4ndlichen Gebieten Zugang zu sicherer und hochwertiger Bildung zu erm\u00f6glichen.[\/vc_column_text][vc_empty_space][\/vc_column][vc_column width=&#8220;1\/3&#8243;][vc_single_image image=&#8220;13127&#8243; img_size=&#8220;large&#8220; alignment=&#8220;center&#8220; onclick=&#8220;custom_link&#8220; link=&#8220;https:\/\/sdc-ev.org\/causes\/chernihiv-hospital-no3\/&#8220;][vc_empty_space height=&#8220;18px&#8220;][vc_custom_heading text=&#8220;St\u00e4dtisches Krankenhaus Tschernihiw Nr.3 in der Ukraine&#8220; font_container=&#8220;tag:h2|font_size:32|text_align:center&#8220; link=&#8220;url:https%3A%2F%2Fsdc-ev.org%2Fcauses%2Fchernihiv-hospital-no3%2F|title:Santa%20Maria%20de%20Jesus|&#8220;][vc_empty_space height=&#8220;18px&#8220;][vc_column_text]Das Projekt zur Unterst\u00fctzung des St\u00e4dtischen Krankenhauses Nr. 3 in Tschernihiw, Ukraine, konzentriert sich auf die Wiederherstellung und Modernisierung der medizinischen Infrastruktur.[\/vc_column_text][vc_empty_space][\/vc_column][\/vc_row][\/vc_section]\n","protected":false},"excerpt":{"rendered":"<p>[vc_section][vc_row][vc_column][vc_custom_heading text=&#8220;Aktuelle Projekte&#8220; font_container=&#8220;tag:h2|font_size:50|text_align:center&#8220;][vc_custom_heading text=&#8220;Gemeinschaften durch Aktion und Mitgef\u00fchl ver\u00e4ndern&#8220; font_container=&#8220;tag:p|font_size:18|text_align:center&#8220; use_theme_fonts=&#8220;yes&#8220;][vc_empty_space][\/vc_column][\/vc_row][vc_row][vc_column width=&#8220;1\/3&#8243;][vc_single_image image=&#8220;7592&#8243; img_size=&#8220;large&#8220; alignment=&#8220;center&#8220; onclick=&#8220;custom_link&#8220; [&hellip;]<\/p>\n","protected":false},"author":1,"featured_media":0,"parent":0,"menu_order":0,"comment_status":"closed","ping_status":"closed","template":"","meta":[],"categories":[],"tags":[],"_links":{"self":[{"href":"https:\/\/sdc-ev.org\/de\/wp-json\/wp\/v2\/pages\/12904"}],"collection":[{"href":"https:\/\/sdc-ev.org\/de\/wp-json\/wp\/v2\/pages"}],"about":[{"href":"https:\/\/sdc-ev.org\/de\/wp-json\/wp\/v2\/types\/page"}],"author":[{"embeddable":true,"href":"https:\/\/sdc-ev.org\/de\/wp-json\/wp\/v2\/users\/1"}],"replies":[{"embeddable":true,"href":"https:\/\/sdc-ev.org\/de\/wp-json\/wp\/v2\/comments?post=12904"}],"version-history":[{"count":6,"href":"https:\/\/sdc-ev.org\/de\/wp-json\/wp\/v2\/pages\/12904\/revisions"}],"predecessor-version":[{"id":13133,"href":"https:\/\/sdc-ev.org\/de\/wp-json\/wp\/v2\/pages\/12904\/revisions\/13133"}],"wp:attachment":[{"href":"https:\/\/sdc-ev.org\/de\/wp-json\/wp\/v2\/media?parent=12904"}],"wp:term":[{"taxonomy":"category","embeddable":true,"href":"https:\/\/sdc-ev.org\/de\/wp-json\/wp\/v2\/categories?post=12904"},{"taxonomy":"post_tag","embeddable":true,"href":"https:\/\/sdc-ev.org\/de\/wp-json\/wp\/v2\/tags?post=12904"}],"curies":[{"name":"wp","href":"https:\/\/api.w.org\/{rel}","templated":true}]}}