{"id":12916,"date":"2017-10-02T05:05:17","date_gmt":"2017-10-02T03:05:17","guid":{"rendered":"https:\/\/sdc-ev.org\/ueber\/"},"modified":"2025-05-17T19:16:32","modified_gmt":"2025-05-17T17:16:32","slug":"ueber","status":"publish","type":"page","link":"https:\/\/sdc-ev.org\/de\/ueber\/","title":{"rendered":"\u00dcber Uns"},"content":{"rendered":"[vc_row css=&#8220;.vc_custom_1545767444427{margin-top: 50px !important;margin-bottom: 50px !important;}&#8220;][vc_column][vc_column_text]\n<h1>\u00dcBER Sustainable Development Community e. V. <\/h1>\n[\/vc_column_text][\/vc_column][\/vc_row][vc_row full_width=&#8220;stretch_row&#8220; css=&#8220;.vc_custom_1545767659266{margin-top: 30px !important;margin-bottom: 30px !important;padding-top: 50px !important;padding-bottom: 50px !important;background-color: #f8f8f8 !important;}&#8220;][vc_column width=&#8220;1\/2&#8243;][vc_column_text]\n<div class=\"wpb_text_column wpb_content_element \">\n<div class=\"wpb_wrapper\">\n<p><span style=\"font-size: 16px;\">Sustainable Development Community e. V. ist ein gemeinn\u00fctziger Verein mit Sitz in Stuttgart, Deutschland. Wir unterst\u00fctzen Menschen, f\u00fcr die die Versorgung mit Grundbed\u00fcrfnissen durch Not oder Armut nicht gegeben ist, unabh\u00e4ngig von ihrer Hautfarbe oder Religion.  <\/span><\/div>\n<\/div>\n<p><span lang=\"EN-US\">Bei Sustainable Development Community e. V. engagieren wir uns daf\u00fcr, mehrere <a href=\"https:\/\/sustainable-development-community.org\/sdgs\/\">nachhaltige Entwicklungsziele (SDGs<\/a>) voranzubringen,   <\/span><span lang=\"EN-US\">auch bekannt als die globalen Ziele <\/span><span lang=\"EN-US\">indem wir unser Handeln darauf ausrichten <\/span><span lang=\"EN-US\">schaffen <\/span><span lang=\"EN-US\">nachhaltige Mittel zur St\u00e4rkung bed\u00fcrftiger Bev\u00f6lkerungsgruppen in l\u00e4ndlichen Gemeinden auf der ganzen Welt, um ihre Lebensmittel- und Ern\u00e4hrungssituation, ihren Zugang zu Bildung und Medikamenten langfristig zu verbessern und ihre Position innerhalb ihrer Gemeinschaften zu st\u00e4rken. <\/span>[\/vc_column_text][\/vc_column][vc_column width=&#8220;1\/2&#8243;][vc_column_text]Wir engagieren uns weltweit im Bereich der nachhaltigen Entwicklung mit dem Ziel, die Lebensqualit\u00e4t von benachteiligten Menschen, insbesondere von Kindern und Frauen, nachhaltig zu verbessern. Wir versuchen, die sozio-\u00f6konomische, sozio-\u00f6kologische und umwelt\u00f6konomische Situation in den Gebieten unserer Projekte nachhaltig zu ver\u00e4ndern, indem wir:<br \/>1- Verbesserung des Zugangs zu: Bildung, Gesundheitsversorgung, Trinkwasser<br \/>2- Bau von angemessenen Wohneinheiten<br \/>3- Einsatz von erneuerbaren Energiesystemen f\u00fcr die Energieversorgung<br \/>4- Ausweitung von Landwirtschaft und Viehzucht. Mit dem geernteten Getreide, Gem\u00fcse und Obst sowie der Milchproduktion soll die Selbstversorgung und der Verkauf bzw. Handel realisiert werden.<br \/>5- Ausweitung der Bildungsm\u00f6glichkeiten durch den Bau von Schulen und die Bereitstellung von Schulausstattungen<br \/>6- Sensibilisierung der lokalen Gemeinschaften f\u00fcr die Menschenrechte, insbesondere f\u00fcr die Rechte von Frauen und Kindern.<br \/>7- Sensibilisierung der lokalen Gemeinschaften f\u00fcr Umweltfragen[\/vc_column_text][\/vc_column][\/vc_row][vc_row css=&#8220;.vc_custom_1545767456422{margin-top: 50px !important;margin-bottom: 30px !important;}&#8220;][vc_column]\n\t\t<div class=\"custom heading text-center\">\n\t\t\t<h2>Warum tun wir, was wir tun?<\/h2>\n\t\t\t<p>Weil wir GLAUBEN<\/p><img src=\"https:\/\/sdc-ev.org\/wp-content\/themes\/denorious\/images\/sep.png\" class=\"center-block\" alt=\"\">\t\t\t\n\t\t<\/div>\t\n\t[\/vc_column][\/vc_row][vc_row css=&#8220;.vc_custom_1545767584784{margin-top: 30px !important;margin-bottom: 30px !important;}&#8220;][vc_column width=&#8220;1\/2&#8243;][vc_column_text]\n<ul>\n<li>WIR GLAUBEN an eine nachhaltige Entwicklung und helfen<\/li>\n<li>WIR GLAUBEN, dass wir die extreme Armut beenden k\u00f6nnen<\/li>\n<li>WIR GLAUBEN, dass wir den Hunger beenden k\u00f6nnen<\/li>\n<li>WIR GLAUBEN, dass wir alle gleich sind, unabh\u00e4ngig von unserer Herkunft, Hautfarbe, unserem Geschlecht oder unserer Religion.<\/li>\n<li>WIR GLAUBEN, dass Kinder das Grundrecht auf \u00dcberleben und Entwicklung haben<\/li>\n<li>WIR GLAUBEN, dass jedes Kind eine Familie verdient, und wir k\u00f6nnen diese Familie sein<\/li>\n<li>WIR GLAUBEN, dass jedes Kind den gleichen Zugang zu Bildung haben sollte, unabh\u00e4ngig von Geschlecht, Ethnie, Nationalit\u00e4t, Religion, Behinderung, Abstammung, sexueller Orientierung oder sonstigem Status des Kindes<\/li>\n<\/ul>\n[\/vc_column_text][\/vc_column][vc_column width=&#8220;1\/2&#8243;][vc_column_text]\n<ul>\n<li>WIR GLAUBEN an eine Welt, in der jede Frau und jedes M\u00e4dchen ihre Menschenrechte verwirklichen und genie\u00dfen kann.<\/li>\n<li>WIR GLAUBEN, dass &#8222;Nicht-F\u00e4higkeiten&#8220; nicht die F\u00e4higkeiten von Menschen definieren<\/li>\n<li>WIR GLAUBEN, dass wir Frieden durch nachhaltige Entwicklung erreichen k\u00f6nnen, einen Schritt nach dem anderen<\/li>\n<li>WIR GLAUBEN, dass die Zukunft der Menschheit in den Klassenzimmern von heute liegt.<\/li>\n<li>WIR GLAUBEN, dass Wasser ein grundlegendes Menschenrecht ist und f\u00fcr ein menschenw\u00fcrdiges Leben unverzichtbar ist.<\/li>\n<li>WIR GLAUBEN, dass der Zugang zu erschwinglicher, zuverl\u00e4ssiger, nachhaltiger und sauberer Energie ein grundlegendes Menschenrecht ist.<\/li>\n<li>WIR GLAUBEN, dass wir eine Welt erreichen k\u00f6nnen, in der die Umwelt nicht gesch\u00fctzt werden muss.<\/li>\n<\/ul>\n[\/vc_column_text][\/vc_column][\/vc_row][vc_row full_width=&#8220;stretch_row&#8220; css=&#8220;.vc_custom_1608500725389{margin-top: 30px !important;margin-bottom: 30px !important;padding-top: 50px !important;padding-bottom: 50px !important;background-color: #f8f8f8 !important;}&#8220; el_id=&#8220;Themen&#8220;][vc_column width=&#8220;1\/2&#8243;][vc_column_text]\n<div class=\"wpb_text_column wpb_content_element \">\n<div class=\"wpb_wrapper\">\n<h2>Die vier Fundamente unserer Arbeit:<\/h2>\n<\/div>\n<\/div>\n[\/vc_column_text][vc_single_image image=&#8220;1484&#8243; img_size=&#8220;large&#8220; css=&#8220;.vc_custom_1545769010194{padding-top: 30px !important;padding-bottom: 30px !important;}&#8220;][\/vc_column][vc_column width=&#8220;1\/2&#8243;][vc_column_text]\n<h2>Unsere Schwerpunktbereiche:<\/h2>\n[\/vc_column_text][vc_single_image image=&#8220;1477&#8243; img_size=&#8220;large&#8220; css=&#8220;.vc_custom_1545768729929{padding-top: 30px !important;padding-bottom: 30px !important;}&#8220;][\/vc_column][\/vc_row][vc_row css=&#8220;.vc_custom_1545767456422{margin-top: 50px !important;margin-bottom: 30px !important;}&#8220;][vc_column]\n\t\t<div class=\"custom heading text-center\">\n\t\t\t<h2>Unser Team<\/h2>\n\t\t\t<p>Gesichter hinter unserer NGO<\/p><img src=\"https:\/\/sdc-ev.org\/wp-content\/themes\/denorious\/images\/sep.png\" class=\"center-block\" alt=\"\">\t\t\t\n\t\t<\/div>\t\n\t[\/vc_column][\/vc_row][vc_row][vc_column width=&#8220;1\/4&#8243;]\n\t\t\t<div class=\"col-md-12\">\n\t\t\t\t<div class=\"sc_team_item\">\t\n\t\t\t\t\t<div class=\"sc_team_item_avatar\" style=\"background:url(https:\/\/sdc-ev.org\/wp-content\/uploads\/2017\/11\/VIP-2-BU-thumb_IMG_9324_1024.jpg) no-repeat center center;background-size: cover;\">\n\t\t\t\t\t<\/div>\t\t\t\t\t\n\t\t\t\t\t<div class=\"sc_team_item_info\">\n\t\t\t\t\t\t<div class=\"sc_team_inner\">\n\t\t\t\t\t\t\t<h3 class=\"sc_team_item_title\">M.Sc. Amjad Ayoubi<\/a><\/h3>\n\t\t\t\t\t\t\t<div class=\"sc_team_item_position\">Chairman (1. Vorstand)<\/div>\n\t\t\t\t\t\t\t<div class=\"sc_socials sc_socials_size_small\">\t\t\t\t\t\t\t\t\n\t\t\t\t\t\t\t<\/div>\n\t\t\t\t\t\t<\/div>\n\t\t\t\t\t<\/div>\n\t\t\t\t<\/div>\n\t\t\t<\/div>\n\t[\/vc_column][vc_column width=&#8220;1\/4&#8243;]\n\t\t\t<div class=\"col-md-12\">\n\t\t\t\t<div class=\"sc_team_item\">\t\n\t\t\t\t\t<div class=\"sc_team_item_avatar\" style=\"background:url(https:\/\/sdc-ev.org\/wp-content\/uploads\/2017\/11\/torsten-simmank-foto.1024x1024.jpg) no-repeat center center;background-size: cover;\">\n\t\t\t\t\t<\/div>\t\t\t\t\t\n\t\t\t\t\t<div class=\"sc_team_item_info\">\n\t\t\t\t\t\t<div class=\"sc_team_inner\">\n\t\t\t\t\t\t\t<h3 class=\"sc_team_item_title\">Dipl.-Finanzwirt (FH) Torsten Simmank<\/a><\/h3>\n\t\t\t\t\t\t\t<div class=\"sc_team_item_position\">Treasurer (2. Vorstand)<\/div>\n\t\t\t\t\t\t\t<div class=\"sc_socials sc_socials_size_small\">\t\t\t\t\t\t\t\t\n\t\t\t\t\t\t\t<\/div>\n\t\t\t\t\t\t<\/div>\n\t\t\t\t\t<\/div>\n\t\t\t\t<\/div>\n\t\t\t<\/div>\n\t[\/vc_column][vc_column width=&#8220;1\/4&#8243;]\n\t\t\t<div class=\"col-md-12\">\n\t\t\t\t<div class=\"sc_team_item\">\t\n\t\t\t\t\t<div class=\"sc_team_item_avatar\" style=\"background:url(https:\/\/sdc-ev.org\/wp-content\/uploads\/2017\/11\/Lydia-Fegali.jpg) no-repeat center center;background-size: cover;\">\n\t\t\t\t\t<\/div>\t\t\t\t\t\n\t\t\t\t\t<div class=\"sc_team_item_info\">\n\t\t\t\t\t\t<div class=\"sc_team_inner\">\n\t\t\t\t\t\t\t<h3 class=\"sc_team_item_title\">MA. Lydia Fegaly<\/a><\/h3>\n\t\t\t\t\t\t\t<div class=\"sc_team_item_position\">International fundraising manager<\/div>\n\t\t\t\t\t\t\t<div class=\"sc_socials sc_socials_size_small\">\t\t\t\t\t\t\t\t\n\t\t\t\t\t\t\t<\/div>\n\t\t\t\t\t\t<\/div>\n\t\t\t\t\t<\/div>\n\t\t\t\t<\/div>\n\t\t\t<\/div>\n\t[\/vc_column][vc_column width=&#8220;1\/4&#8243;]\n\t\t\t<div class=\"col-md-12\">\n\t\t\t\t<div class=\"sc_team_item\">\t\n\t\t\t\t\t<div class=\"sc_team_item_avatar\" style=\"background:url(https:\/\/sdc-ev.org\/wp-content\/uploads\/2017\/11\/13710030_10154158707445239_552058995645996209_n.jpg) no-repeat center center;background-size: cover;\">\n\t\t\t\t\t<\/div>\t\t\t\t\t\n\t\t\t\t\t<div class=\"sc_team_item_info\">\n\t\t\t\t\t\t<div class=\"sc_team_inner\">\n\t\t\t\t\t\t\t<h3 class=\"sc_team_item_title\">Dipl. FH. Nicolas \u00dcrlings<\/a><\/h3>\n\t\t\t\t\t\t\t<div class=\"sc_team_item_position\">Founding member<\/div>\n\t\t\t\t\t\t\t<div class=\"sc_socials sc_socials_size_small\">\t\t\t\t\t\t\t\t\n\t\t\t\t\t\t\t<\/div>\n\t\t\t\t\t\t<\/div>\n\t\t\t\t\t<\/div>\n\t\t\t\t<\/div>\n\t\t\t<\/div>\n\t[\/vc_column][\/vc_row][vc_row][vc_column width=&#8220;1\/4&#8243;]\n\t\t\t<div class=\"col-md-12\">\n\t\t\t\t<div class=\"sc_team_item\">\t\n\t\t\t\t\t<div class=\"sc_team_item_avatar\" style=\"background:url(https:\/\/sdc-ev.org\/wp-content\/uploads\/2017\/11\/778840_10151403574547970_361033561_o-e1545770066468.jpg) no-repeat center center;background-size: cover;\">\n\t\t\t\t\t<\/div>\t\t\t\t\t\n\t\t\t\t\t<div class=\"sc_team_item_info\">\n\t\t\t\t\t\t<div class=\"sc_team_inner\">\n\t\t\t\t\t\t\t<h3 class=\"sc_team_item_title\">Zoya Shulga<\/a><\/h3>\n\t\t\t\t\t\t\t<div class=\"sc_team_item_position\">Coordinator - Ukraine<\/div>\n\t\t\t\t\t\t\t<div class=\"sc_socials sc_socials_size_small\">\t\t\t\t\t\t\t\t\n\t\t\t\t\t\t\t<\/div>\n\t\t\t\t\t\t<\/div>\n\t\t\t\t\t<\/div>\n\t\t\t\t<\/div>\n\t\t\t<\/div>\n\t[\/vc_column][vc_column width=&#8220;1\/4&#8243;]\n\t\t\t<div class=\"col-md-12\">\n\t\t\t\t<div class=\"sc_team_item\">\t\n\t\t\t\t\t<div class=\"sc_team_item_avatar\" style=\"background:url(https:\/\/sdc-ev.org\/wp-content\/uploads\/2017\/11\/Roxana-Costa.jpg) no-repeat center center;background-size: cover;\">\n\t\t\t\t\t<\/div>\t\t\t\t\t\n\t\t\t\t\t<div class=\"sc_team_item_info\">\n\t\t\t\t\t\t<div class=\"sc_team_inner\">\n\t\t\t\t\t\t\t<h3 class=\"sc_team_item_title\">Ing. Roxana Costa<\/a><\/h3>\n\t\t\t\t\t\t\t<div class=\"sc_team_item_position\">Founding member<\/div>\n\t\t\t\t\t\t\t<div class=\"sc_socials sc_socials_size_small\">\t\t\t\t\t\t\t\t\n\t\t\t\t\t\t\t<\/div>\n\t\t\t\t\t\t<\/div>\n\t\t\t\t\t<\/div>\n\t\t\t\t<\/div>\n\t\t\t<\/div>\n\t[\/vc_column][vc_column width=&#8220;1\/4&#8243;]\n\t\t\t<div class=\"col-md-12\">\n\t\t\t\t<div class=\"sc_team_item\">\t\n\t\t\t\t\t<div class=\"sc_team_item_avatar\" style=\"background:url(https:\/\/sdc-ev.org\/wp-content\/uploads\/2017\/11\/Ayham-Ayoubi-e1545771472210.jpg) no-repeat center center;background-size: cover;\">\n\t\t\t\t\t<\/div>\t\t\t\t\t\n\t\t\t\t\t<div class=\"sc_team_item_info\">\n\t\t\t\t\t\t<div class=\"sc_team_inner\">\n\t\t\t\t\t\t\t<h3 class=\"sc_team_item_title\">Arch. Ayham Ayoubi<\/a><\/h3>\n\t\t\t\t\t\t\t<div class=\"sc_team_item_position\">Architect<\/div>\n\t\t\t\t\t\t\t<div class=\"sc_socials sc_socials_size_small\">\t\t\t\t\t\t\t\t\n\t\t\t\t\t\t\t<\/div>\n\t\t\t\t\t\t<\/div>\n\t\t\t\t\t<\/div>\n\t\t\t\t<\/div>\n\t\t\t<\/div>\n\t[\/vc_column][vc_column width=&#8220;1\/4&#8243;][\/vc_column][\/vc_row][vc_row][vc_column width=&#8220;1\/4&#8243;]\n\t\t\t<div class=\"col-md-12\">\n\t\t\t\t<div class=\"sc_team_item\">\t\n\t\t\t\t\t<div class=\"sc_team_item_avatar\" style=\"background:url(https:\/\/sdc-ev.org\/wp-content\/uploads\/2017\/11\/John-Maggwa.jpg) no-repeat center center;background-size: cover;\">\n\t\t\t\t\t<\/div>\t\t\t\t\t\n\t\t\t\t\t<div class=\"sc_team_item_info\">\n\t\t\t\t\t\t<div class=\"sc_team_inner\">\n\t\t\t\t\t\t\t<h3 class=\"sc_team_item_title\">John Maggwa<\/a><\/h3>\n\t\t\t\t\t\t\t<div class=\"sc_team_item_position\">Regional manager for Uganda and South-Africa<\/div>\n\t\t\t\t\t\t\t<div class=\"sc_socials sc_socials_size_small\">\t\t\t\t\t\t\t\t\n\t\t\t\t\t\t\t<\/div>\n\t\t\t\t\t\t<\/div>\n\t\t\t\t\t<\/div>\n\t\t\t\t<\/div>\n\t\t\t<\/div>\n\t[\/vc_column][vc_column width=&#8220;1\/4&#8243;]\n\t\t\t<div class=\"col-md-12\">\n\t\t\t\t<div class=\"sc_team_item\">\t\n\t\t\t\t\t<div class=\"sc_team_item_avatar\" style=\"background:url(https:\/\/sdc-ev.org\/wp-content\/uploads\/2017\/11\/IMG-20190625-WA0002-e1561480896169.jpg) no-repeat center center;background-size: cover;\">\n\t\t\t\t\t<\/div>\t\t\t\t\t\n\t\t\t\t\t<div class=\"sc_team_item_info\">\n\t\t\t\t\t\t<div class=\"sc_team_inner\">\n\t\t\t\t\t\t\t<h3 class=\"sc_team_item_title\"><a href=\"http:\/\/Master%20in%20Public%20Health,%20Bev\u00f6lkerungs-%20und%20Reproduktionsgesundheit.%20Bachelor%20in%20Gemeindepsychologie.%20Inhaberin%20eines%20Advanced%20Certificate%20of%20Education\">Anna Tukorweka<\/a><\/h3>\n\t\t\t\t\t\t\t<div class=\"sc_team_item_position\">District Project Coordinator \/ Uganda<\/div>\n\t\t\t\t\t\t\t<div class=\"sc_socials sc_socials_size_small\">\t\t\t\t\t\t\t\t\n\t\t\t\t\t\t\t<\/div>\n\t\t\t\t\t\t<\/div>\n\t\t\t\t\t<\/div>\n\t\t\t\t<\/div>\n\t\t\t<\/div>\n\t[\/vc_column][vc_column width=&#8220;1\/4&#8243;]\n\t\t\t<div class=\"col-md-12\">\n\t\t\t\t<div class=\"sc_team_item\">\t\n\t\t\t\t\t<div class=\"sc_team_item_avatar\" style=\"background:url(https:\/\/sdc-ev.org\/wp-content\/uploads\/2017\/11\/20171215_135049-e1545770249833.jpg) no-repeat center center;background-size: cover;\">\n\t\t\t\t\t<\/div>\t\t\t\t\t\n\t\t\t\t\t<div class=\"sc_team_item_info\">\n\t\t\t\t\t\t<div class=\"sc_team_inner\">\n\t\t\t\t\t\t\t<h3 class=\"sc_team_item_title\">Moses Kudate<\/a><\/h3>\n\t\t\t\t\t\t\t<div class=\"sc_team_item_position\">Coordinator - Kenya (Masai tribe)<\/div>\n\t\t\t\t\t\t\t<div class=\"sc_socials sc_socials_size_small\">\t\t\t\t\t\t\t\t\n\t\t\t\t\t\t\t<\/div>\n\t\t\t\t\t\t<\/div>\n\t\t\t\t\t<\/div>\n\t\t\t\t<\/div>\n\t\t\t<\/div>\n\t[\/vc_column][vc_column width=&#8220;1\/4&#8243;]\n\t\t\t<div class=\"col-md-12\">\n\t\t\t\t<div class=\"sc_team_item\">\t\n\t\t\t\t\t<div class=\"sc_team_item_avatar\" style=\"background:url(https:\/\/sdc-ev.org\/wp-content\/uploads\/2017\/11\/21730856_127524611318347_6777626607706939896_n.jpg) no-repeat center center;background-size: cover;\">\n\t\t\t\t\t<\/div>\t\t\t\t\t\n\t\t\t\t\t<div class=\"sc_team_item_info\">\n\t\t\t\t\t\t<div class=\"sc_team_inner\">\n\t\t\t\t\t\t\t<h3 class=\"sc_team_item_title\">James Ojuok<\/a><\/h3>\n\t\t\t\t\t\t\t<div class=\"sc_team_item_position\">Coordinator - Kenya (Homa Bay region)<\/div>\n\t\t\t\t\t\t\t<div class=\"sc_socials sc_socials_size_small\">\t\t\t\t\t\t\t\t\n\t\t\t\t\t\t\t<\/div>\n\t\t\t\t\t\t<\/div>\n\t\t\t\t\t<\/div>\n\t\t\t\t<\/div>\n\t\t\t<\/div>\n\t[\/vc_column][\/vc_row][vc_row][vc_column]\n\t\t<div class=\"custom heading text-center\">\n\t\t\t<h2>Unsere Berater<\/h2>\n\t\t\t<p>Gesichter hinter unserer NGO<\/p><img src=\"https:\/\/sdc-ev.org\/wp-content\/themes\/denorious\/images\/sep.png\" class=\"center-block\" alt=\"\">\t\t\t\n\t\t<\/div>\t\n\t[\/vc_column][\/vc_row][vc_row][vc_column width=&#8220;1\/4&#8243;][\/vc_column][vc_column width=&#8220;1\/4&#8243;]\n\t\t\t<div class=\"col-md-12\">\n\t\t\t\t<div class=\"sc_team_item\">\t\n\t\t\t\t\t<div class=\"sc_team_item_avatar\" style=\"background:url(https:\/\/sdc-ev.org\/wp-content\/uploads\/2017\/11\/IMG-20190625-WA0005-e1561481874562.jpg) no-repeat center center;background-size: cover;\">\n\t\t\t\t\t<\/div>\t\t\t\t\t\n\t\t\t\t\t<div class=\"sc_team_item_info\">\n\t\t\t\t\t\t<div class=\"sc_team_inner\">\n\t\t\t\t\t\t\t<h3 class=\"sc_team_item_title\">Joyce Namigadde<\/a><\/h3>\n\t\t\t\t\t\t\t<div class=\"sc_team_item_position\">Leitender Beamter f\u00fcr Bew\u00e4hrungshilfe und Sozialf\u00fcrsorge<\/div>\n\t\t\t\t\t\t\t<div class=\"sc_socials sc_socials_size_small\">\t\t\t\t\t\t\t\t\n\t\t\t\t\t\t\t<\/div>\n\t\t\t\t\t\t<\/div>\n\t\t\t\t\t<\/div>\n\t\t\t\t<\/div>\n\t\t\t<\/div>\n\t[\/vc_column][vc_column width=&#8220;1\/4&#8243;]\n\t\t\t<div class=\"col-md-12\">\n\t\t\t\t<div class=\"sc_team_item\">\t\n\t\t\t\t\t<div class=\"sc_team_item_avatar\" style=\"background:url(https:\/\/sdc-ev.org\/wp-content\/uploads\/2017\/11\/NkonwaInnocent-e1561481986567.jpg) no-repeat center center;background-size: cover;\">\n\t\t\t\t\t<\/div>\t\t\t\t\t\n\t\t\t\t\t<div class=\"sc_team_item_info\">\n\t\t\t\t\t\t<div class=\"sc_team_inner\">\n\t\t\t\t\t\t\t<h3 class=\"sc_team_item_title\">Dr. Innocent Nkonwa<\/a><\/h3>\n\t\t\t\t\t\t\t<div class=\"sc_team_item_position\">F\u00fchrung im \u00f6ffentlichen Gesundheitswesen<\/div>\n\t\t\t\t\t\t\t<div class=\"sc_socials sc_socials_size_small\">\t\t\t\t\t\t\t\t\n\t\t\t\t\t\t\t<\/div>\n\t\t\t\t\t\t<\/div>\n\t\t\t\t\t<\/div>\n\t\t\t\t<\/div>\n\t\t\t<\/div>\n\t[\/vc_column][vc_column width=&#8220;1\/4&#8243;][\/vc_column][\/vc_row][vc_row full_width=&#8220;stretch_row&#8220; top_padding=&#8220;100px&#8220; bottom_padding=&#8220;70px&#8220; css=&#8220;.vc_custom_1510997536481{background-color: #f8f8f8 !important;}&#8220; el_class=&#8220;padding-top-50 padding-bottom-15&#8243;][vc_column width=&#8220;1\/3&#8243;]\n\t\t\t<div class=\"why-choose-us\">\n\t\t\t\t<div class=\"row\">\n\t\t\t\t\t<div class=\"col-md-12\">\n\t\t\t\t\t\t<div class=\"item text-center\">\n\t\t\t\t\t\t\t<div class=\"about-usf-bg\" style=\"background:url(https:\/\/sdc-ev.org\/wp-content\/uploads\/2017\/10\/oth1.png) no-repeat center center; background-size:cover;\">\n\t\t\t\t\t\t\t<\/div>\n\t\t\t\t\t\t\t<div class=\"icon\">\n\t\t\t\t\t\t\t\t<img class=\"layer\" src=\"https:\/\/sdc-ev.org\/wp-content\/uploads\/2017\/10\/1_1.png\" alt=\"\">\n\t\t\t\t\t\t\t<\/div>\n\t\t\t\t\t\t\t<h3>SPENDE<\/h3>\n\t\t\t\t\t\t\t<p>Unterst\u00fctzen Sie unsere Bem\u00fchungen, den Armen und Bed\u00fcrftigen weltweit zu helfen. Ihre Spende st\u00e4rkt Gemeinschaften und rettet Leben.<\/p>\n\t\t\t\t\t\t<\/div>\n\t\t\t\t\t<\/div>\n\t\t\t\t<\/div>\n\t\t\t<\/div>\n\t\t[\/vc_column][vc_column width=&#8220;1\/3&#8243;]\n\t\t\t<div class=\"why-choose-us\">\n\t\t\t\t<div class=\"row\">\n\t\t\t\t\t<div class=\"col-md-12\">\n\t\t\t\t\t\t<div class=\"item text-center\">\n\t\t\t\t\t\t\t<div class=\"about-usf-bg\" style=\"background:url(https:\/\/sdc-ev.org\/wp-content\/uploads\/2017\/11\/volunteers.png) no-repeat center center; background-size:cover;\">\n\t\t\t\t\t\t\t<\/div>\n\t\t\t\t\t\t\t<div class=\"icon\">\n\t\t\t\t\t\t\t\t<img class=\"layer\" src=\"https:\/\/sdc-ev.org\/wp-content\/uploads\/2017\/10\/2_1.png\" alt=\"\">\n\t\t\t\t\t\t\t<\/div>\n\t\t\t\t\t\t\t<h3>SCHLIESSEN SIE SICH UNSEREN FREIWILLIGEN AN<\/h3>\n\t\t\t\t\t\t\t<p>Bei Sustainable Development Community e. V. k\u00f6nnen Sie VIELES bewirken! Es sind Ihre Zeit, Ihr Fachwissen und Ihre Leidenschaft, die eine echte Wirkung erzielen.<\/p>\n\t\t\t\t\t\t<\/div>\n\t\t\t\t\t<\/div>\n\t\t\t\t<\/div>\n\t\t\t<\/div>\n\t\t[\/vc_column][vc_column width=&#8220;1\/3&#8243;]\n\t\t\t<div class=\"why-choose-us\">\n\t\t\t\t<div class=\"row\">\n\t\t\t\t\t<div class=\"col-md-12\">\n\t\t\t\t\t\t<div class=\"item text-center\">\n\t\t\t\t\t\t\t<div class=\"about-usf-bg\" style=\"background:url(https:\/\/sdc-ev.org\/wp-content\/uploads\/2017\/11\/fundraise-e1545773465507.png) no-repeat center center; background-size:cover;\">\n\t\t\t\t\t\t\t<\/div>\n\t\t\t\t\t\t\t<div class=\"icon\">\n\t\t\t\t\t\t\t\t<img class=\"layer\" src=\"https:\/\/sdc-ev.org\/wp-content\/uploads\/2017\/10\/3_1.png\" alt=\"\">\n\t\t\t\t\t\t\t<\/div>\n\t\t\t\t\t\t\t<h3>FUNDRAISE<\/h3>\n\t\t\t\t\t\t\t<p>Als Teil unseres inspirierenden Teams von Spendensammlern k\u00f6nnen Sie uns dabei helfen, das Leben der von Armut und Hoffnungslosigkeit Betroffenen wirklich zu verbessern.<\/p>\n\t\t\t\t\t\t<\/div>\n\t\t\t\t\t<\/div>\n\t\t\t\t<\/div>\n\t\t\t<\/div>\n\t\t[\/vc_column][\/vc_row][vc_row full_height=&#8220;yes&#8220; css=&#8220;.vc_custom_1547342857108{margin-bottom: 50px !important;}&#8220;][vc_column]\n\t\t<div class=\"custom heading text-center\">\n\t\t\t<h2>LOCATIONS<\/h2>\n\t\t\t<p>Of our projects<\/p><img src=\"https:\/\/sdc-ev.org\/wp-content\/themes\/denorious\/images\/sep.png\" class=\"center-block\" alt=\"\">\t\t\t\n\t\t<\/div>\t\n\t[vc_column_text]    \t<div id=\"map-container\">\r\n        <div id=\"mapdiv\" data-lat=\"\" data-long=\"\" data-zoom=\"\" style=\"width: 100%; background-color:#EEEEEE; height: 500px;\"><\/div>\r\n        <div id=\"desc_overlay\" class=\"animated\">\r\n\t        <h2 class=\"pop_desc_title\"><\/h2><span id=\"ico_close\"><img src=\"https:\/\/sdc-ev.org\/wp-content\/plugins\/ideal-interactive-map\/img\/close.png\" align=\"middle\" \/><\/span>\r\n\t        <div id=\"overlay-content\"><\/p>\r\n\t        <\/div>\r\n        <\/div>\r\n    \t<\/div>\r\n    \t<div id=\"mapreadmore\">\r\n    \t<\/div> [\/vc_column_text][\/vc_column][\/vc_row]\n","protected":false},"excerpt":{"rendered":"<p>[vc_row css=&#8220;.vc_custom_1545767444427{margin-top: 50px !important;margin-bottom: 50px !important;}&#8220;][vc_column][vc_column_text] \u00dcBER Sustainable Development Community e. V. [\/vc_column_text][\/vc_column][\/vc_row][vc_row full_width=&#8220;stretch_row&#8220; css=&#8220;.vc_custom_1545767659266{margin-top: 30px !important;margin-bottom: [&hellip;]<\/p>\n","protected":false},"author":1,"featured_media":0,"parent":0,"menu_order":0,"comment_status":"closed","ping_status":"closed","template":"","meta":[],"categories":[],"tags":[],"_links":{"self":[{"href":"https:\/\/sdc-ev.org\/de\/wp-json\/wp\/v2\/pages\/12916"}],"collection":[{"href":"https:\/\/sdc-ev.org\/de\/wp-json\/wp\/v2\/pages"}],"about":[{"href":"https:\/\/sdc-ev.org\/de\/wp-json\/wp\/v2\/types\/page"}],"author":[{"embeddable":true,"href":"https:\/\/sdc-ev.org\/de\/wp-json\/wp\/v2\/users\/1"}],"replies":[{"embeddable":true,"href":"https:\/\/sdc-ev.org\/de\/wp-json\/wp\/v2\/comments?post=12916"}],"version-history":[{"count":10,"href":"https:\/\/sdc-ev.org\/de\/wp-json\/wp\/v2\/pages\/12916\/revisions"}],"predecessor-version":[{"id":13009,"href":"https:\/\/sdc-ev.org\/de\/wp-json\/wp\/v2\/pages\/12916\/revisions\/13009"}],"wp:attachment":[{"href":"https:\/\/sdc-ev.org\/de\/wp-json\/wp\/v2\/media?parent=12916"}],"wp:term":[{"taxonomy":"category","embeddable":true,"href":"https:\/\/sdc-ev.org\/de\/wp-json\/wp\/v2\/categories?post=12916"},{"taxonomy":"post_tag","embeddable":true,"href":"https:\/\/sdc-ev.org\/de\/wp-json\/wp\/v2\/tags?post=12916"}],"curies":[{"name":"wp","href":"https:\/\/api.w.org\/{rel}","templated":true}]}}