{"id":12920,"date":"2018-05-22T19:35:31","date_gmt":"2018-05-22T17:35:31","guid":{"rendered":"https:\/\/sdc-ev.org\/unser-fokus\/"},"modified":"2025-05-17T18:19:03","modified_gmt":"2025-05-17T16:19:03","slug":"unser-fokus","status":"publish","type":"page","link":"https:\/\/sdc-ev.org\/de\/unser-fokus\/","title":{"rendered":"UNSER FOKUS"},"content":{"rendered":"[vc_row][vc_column]\n\t\t<div class=\"custom heading text-center\">\n\t\t\t<h2>Unsere Ziele | Sustainable Development Community e. V.<\/h2>\n\t\t\t<p>Bei Sustainable Development Community e. V. engagieren wir uns daf\u00fcr, mehrere nachhaltige Entwicklungsziele (SDGs), auch bekannt als die globalen Ziele, voranzubringen, indem wir unser Handeln darauf ausrichten, nachhaltige Mittel zu schaffen, um gef\u00e4hrdete Bev\u00f6lkerungsgruppen in l\u00e4ndlichen Gemeinden weltweit zu st\u00e4rken, ihre Nahrungsmittel- und Ern\u00e4hrungssituation, ihren Zugang zu Bildung und Medikamenten langfristig zu verbessern und ihre Position innerhalb ihrer Gemeinschaften zu st\u00e4rken.<\/p><img src=\"https:\/\/sdc-ev.org\/wp-content\/themes\/denorious\/images\/sep.png\" class=\"center-block\" alt=\"\">\t\t\t\n\t\t<\/div>\t\n\t[\/vc_column][\/vc_row][vc_row equal_height=&#8220;yes&#8220; css=&#8220;.vc_custom_1715283952050{margin-top: 50px !important;}&#8220;][vc_column width=&#8220;1\/4&#8243;][vc_hoverbox image=&#8220;1696&#8243; primary_title=&#8220;&#8220; hover_title=&#8220;&#8220; shape=&#8220;square&#8220; hover_background_color=&#8220;custom&#8220; hover_custom_background=&#8220;#1c57a1&#8243;]\n<h2 style=\"text-align: center;\"><span style=\"color: #ffffff;\">KEINE ARMUT<\/span><\/h2>\n<p style=\"text-align: center;\"><span style=\"color: #ffffff;\">Wir verpflichten uns, <i>&#8222;keine M\u00fchen zu scheuen, um unsere Mitmenschen aus den elenden und entmenschlichenden Bedingungen der extremen Armut zu befreien&#8220;.<\/i><\/span><\/p>\n[\/vc_hoverbox][\/vc_column][vc_column width=&#8220;1\/4&#8243;][vc_hoverbox image=&#8220;1697&#8243; primary_title=&#8220;&#8220; hover_title=&#8220;&#8220; shape=&#8220;square&#8220; hover_background_color=&#8220;custom&#8220; hover_custom_background=&#8220;#1c57a1&#8243;]\n<h2 style=\"text-align: center;\"><span style=\"color: #ffffff;\">NULL-HUNGER<\/span><\/h2>\n<p style=\"text-align: center;\"><span style=\"color: #ffffff;\">Wir verpflichten uns, &#8222;den Hunger zu beenden, Ern\u00e4hrungssicherheit und eine bessere Ern\u00e4hrung zu erreichen und eine nachhaltige Landwirtschaft zu f\u00f6rdern&#8220;.<\/span><\/p>\n[\/vc_hoverbox][\/vc_column][vc_column width=&#8220;1\/4&#8243;][vc_hoverbox image=&#8220;1698&#8243; primary_title=&#8220;&#8220; hover_title=&#8220;&#8220; shape=&#8220;square&#8220; hover_background_color=&#8220;custom&#8220; hover_custom_background=&#8220;#1c57a1&#8243;]\n<h2 style=\"text-align: center;\"><span style=\"color: #ffffff;\">GUTE GESUNDHEIT UND WOHLBEFINDEN<\/span><\/h2>\n<p style=\"text-align: center;\"><span style=\"color: #ffffff;\">Wir verpflichten uns, &#8222;ein gesundes Leben zu gew\u00e4hrleisten und das Wohlbefinden aller Menschen in jedem Alter zu f\u00f6rdern&#8220;.<\/span><\/p>\n[\/vc_hoverbox][\/vc_column][vc_column width=&#8220;1\/4&#8243;][vc_hoverbox image=&#8220;1699&#8243; primary_title=&#8220;&#8220; hover_title=&#8220;&#8220; shape=&#8220;square&#8220; hover_background_color=&#8220;custom&#8220; hover_custom_background=&#8220;#1c57a1&#8243;]\n<h2 style=\"text-align: center;\"><span style=\"color: #ffffff;\">HOCHWERTIGE BILDUNG<\/span><\/h2>\n<p style=\"text-align: center;\"><span style=\"color: #ffffff;\">Wir verpflichten uns, &#8222;eine inklusive und gerechte Qualit\u00e4tsbildung zu gew\u00e4hrleisten und M\u00f6glichkeiten des lebenslangen Lernens f\u00fcr alle zu f\u00f6rdern&#8220;.<\/span><\/p>\n[\/vc_hoverbox][\/vc_column][\/vc_row][vc_row][vc_column][vc_empty_space][\/vc_column][\/vc_row][vc_row][vc_column][vc_empty_space][\/vc_column][\/vc_row][vc_row equal_height=&#8220;yes&#8220;][vc_column width=&#8220;1\/4&#8243;][vc_hoverbox image=&#8220;1700&#8243; primary_title=&#8220;&#8220; hover_title=&#8220;&#8220; shape=&#8220;square&#8220; hover_background_color=&#8220;custom&#8220; hover_custom_background=&#8220;#1c57a1&#8243;]\n<h2 style=\"text-align: center;\"><span style=\"color: #ffffff;\">GLEICHSTELLUNG DER GESCHLECHTER<\/span><\/h2>\n<p style=\"text-align: center;\"><span style=\"color: #ffffff;\">Wir verpflichten uns, <i>&#8222;die Gleichstellung der Geschlechter zu erreichen und alle Frauen und M\u00e4dchen zu st\u00e4rken<\/i><\/span><\/p>\n[\/vc_hoverbox][\/vc_column][vc_column width=&#8220;1\/4&#8243;][vc_hoverbox image=&#8220;1701&#8243; primary_title=&#8220;&#8220; hover_title=&#8220;&#8220; shape=&#8220;square&#8220; hover_background_color=&#8220;custom&#8220; hover_custom_background=&#8220;#1c57a1&#8243;]\n<h2 style=\"text-align: center;\"><span style=\"color: #ffffff;\">SAUBERES WASSER UND SANIT\u00c4RE EINRICHTUNGEN<\/span><\/h2>\n<p style=\"text-align: center;\"><span style=\"color: #ffffff;\">Wir verpflichten uns, &#8222;die Verf\u00fcgbarkeit und nachhaltige Bewirtschaftung von Wasser und sanit\u00e4ren Einrichtungen f\u00fcr alle zu gew\u00e4hrleisten&#8220;.<\/span><\/p>\n[\/vc_hoverbox][\/vc_column][vc_column width=&#8220;1\/4&#8243;][vc_hoverbox image=&#8220;1702&#8243; primary_title=&#8220;&#8220; hover_title=&#8220;&#8220; shape=&#8220;square&#8220; hover_background_color=&#8220;custom&#8220; hover_custom_background=&#8220;#1c57a1&#8243;]\n<h2 style=\"text-align: center;\"><span style=\"color: #ffffff;\">ERSCHWINGLICHE UND SAUBERE ENERGIE<\/span><\/h2>\n<p style=\"text-align: center;\"><span style=\"color: #ffffff;\">Wir verpflichten uns, &#8222;den Zugang zu erschwinglicher, zuverl\u00e4ssiger, nachhaltiger und moderner Energie f\u00fcr alle zu gew\u00e4hrleisten<\/span><\/p>\n[\/vc_hoverbox][\/vc_column][vc_column width=&#8220;1\/4&#8243;][vc_hoverbox image=&#8220;1706&#8243; primary_title=&#8220;&#8220; hover_title=&#8220;&#8220; shape=&#8220;square&#8220; hover_background_color=&#8220;custom&#8220; hover_custom_background=&#8220;#1c57a1&#8243;]\n<h2 style=\"text-align: center;\"><span style=\"color: #ffffff;\">NACHHALTIGE ST\u00c4DTE UND GEMEINDEN<\/span><\/h2>\n<p style=\"text-align: center;\"><span style=\"color: #ffffff;\">Wir verpflichten uns, &#8222;St\u00e4dte und menschliche Siedlungen inklusiv, sicher, widerstandsf\u00e4hig und nachhaltig zu machen&#8220;.<\/span><\/p>\n[\/vc_hoverbox][\/vc_column][\/vc_row][vc_row][vc_column][vc_empty_space][\/vc_column][\/vc_row][vc_row][vc_column width=&#8220;1\/4&#8243;][\/vc_column][vc_column width=&#8220;1\/4&#8243;][vc_hoverbox image=&#8220;1708&#8243; primary_title=&#8220;&#8220; hover_title=&#8220;&#8220; shape=&#8220;square&#8220; hover_background_color=&#8220;custom&#8220; hover_custom_background=&#8220;#1c57a1&#8243;]\n<h2 style=\"text-align: center;\"><span style=\"color: #ffffff;\">KLIMA-MASSNAHMEN<\/span><\/h2>\n<p style=\"text-align: center;\"><span style=\"color: #ffffff;\">Wir verpflichten uns, &#8222;Sofortma\u00dfnahmen zur Bek\u00e4mpfung des Klimawandels und seiner Auswirkungen zu ergreifen&#8220;.<\/span><\/p>\n[\/vc_hoverbox][\/vc_column][vc_column width=&#8220;1\/4&#8243;][vc_hoverbox image=&#8220;1711&#8243; primary_title=&#8220;&#8220; hover_title=&#8220;&#8220; shape=&#8220;square&#8220; hover_background_color=&#8220;custom&#8220; hover_custom_background=&#8220;#1c57a1&#8243;]\n<p style=\"text-align: center;\"><span style=\"color: #ffffff;\">Wir verpflichten uns, &#8222;friedliche und inklusive Gesellschaften f\u00fcr eine nachhaltige Entwicklung zu f\u00f6rdern, allen Menschen Zugang zur Justiz zu verschaffen und effektive, rechenschaftspflichtige und inklusive Institutionen auf allen Ebenen aufzubauen&#8220;.<\/span><\/p>\n[\/vc_hoverbox][\/vc_column][vc_column width=&#8220;1\/4&#8243;][\/vc_column][\/vc_row][vc_row full_width=&#8220;stretch_row&#8220; equal_height=&#8220;yes&#8220; content_placement=&#8220;middle&#8220; css_animation=&#8220;none&#8220; css=&#8220;.vc_custom_1545937753756{margin-top: 50px !important;margin-bottom: 50px !important;background-color: #f7f7f7 !important;background-position: center !important;background-repeat: no-repeat !important;background-size: contain !important;}&#8220;][vc_column][vc_custom_heading text=&#8220;&quot;Bildung ist der Schl\u00fcssel zu Empowerment und Nachhaltigkeit. Bildung ist ein Recht, das der Schl\u00fcssel zu allen anderen Rechten des Lebens in der Gesellschaft ist. Bildung ist der Schl\u00fcssel zu sozialer Gerechtigkeit.&quot; &#8220; font_container=&#8220;tag:p|font_size:36|text_align:left|color:%23000000|line_height:1&#8243; google_fonts=&#8220;font_family:Zeyada%3Aregular|font_style:400%20regular%3A400%3Anormal&#8220;][vc_column_text css=&#8220;.vc_custom_1545937794570{padding-bottom: 30px !important;}&#8220;]\n<h3><span style=\"color: #000000;\"><em><strong>Kailash Satyarthi<\/strong><\/em><\/span><\/h3>\n[\/vc_column_text][\/vc_column][\/vc_row][vc_row][vc_column width=&#8220;1\/2&#8243;][vc_column_text]\n<h1><strong>Unser Konzept der nachhaltigen Entwicklung:<\/strong><\/h1>\n<p>&nbsp;<\/p>\n<p>Das Konzept der <strong>nachhaltigen Entwicklung<\/strong> bedeutet, ein Gleichgewicht zwischen wirtschaftlichen, sozialen und \u00f6kologischen Erfordernissen zu schaffen, um sicherzustellen, dass &#8222;die Bed\u00fcrfnisse der heutigen Generation befriedigt werden, ohne die F\u00e4higkeit k\u00fcnftiger Generationen zu gef\u00e4hrden, ihre eigenen Bed\u00fcrfnisse zu befriedigen&#8220;.<\/p>\n<p>&nbsp;<\/p>\n<p>F\u00fcr uns bei  <a href=\"https:\/\/sustainable-development-community.org\/\">Gemeinschaft f\u00fcr nachhaltige Entwicklung e. V. <\/a>  Nachhaltigkeit bedeutet die Fortf\u00fchrung der Projektaktivit\u00e4ten und die Aufrechterhaltung der Projektergebnisse nach dem Auslaufen der urspr\u00fcnglichen\/prim\u00e4ren Finanzhilfe.[\/vc_column_text][\/vc_column][vc_column width=&#8220;1\/2&#8243;][vc_column_text]<img loading=\"lazy\" class=\"size-medium wp-image-1730 aligncenter\" src=\"https:\/\/sdc-ev.org\/wp-content\/uploads\/2018\/12\/sustainable_development_community_sustainability_planning_aspects-300x200.png\" alt=\"nachhaltige_Entwicklung_Gemeinschaft_Nachhaltigkeit_Planungsaspekte\" width=\"300\" height=\"200\" srcset=\"https:\/\/sdc-ev.org\/wp-content\/uploads\/2018\/12\/sustainable_development_community_sustainability_planning_aspects-300x200.png 300w, https:\/\/sdc-ev.org\/wp-content\/uploads\/2018\/12\/sustainable_development_community_sustainability_planning_aspects-600x400.png 600w, https:\/\/sdc-ev.org\/wp-content\/uploads\/2018\/12\/sustainable_development_community_sustainability_planning_aspects-768x511.png 768w, https:\/\/sdc-ev.org\/wp-content\/uploads\/2018\/12\/sustainable_development_community_sustainability_planning_aspects-1024x682.png 1024w, https:\/\/sdc-ev.org\/wp-content\/uploads\/2018\/12\/sustainable_development_community_sustainability_planning_aspects.png 1335w\" sizes=\"(max-width: 300px) 100vw, 300px\" \/><\/p>\n<p>Damit wir auch ohne Prim\u00e4rfinanzierung positive Ergebnisse erzielen k\u00f6nnen, ber\u00fccksichtigen wir die folgenden Aspekte der Nachhaltigkeit:<\/p>\n<ol>\n<li><strong>Finanzielle Nachhaltigkeit:<\/strong> Sie bezieht sich auf die Gew\u00e4hrleistung eines stetigen Geldflusses und die Erzielung von Einnahmen zur Aufrechterhaltung und Fortsetzung der Arbeit der Organisation.<\/li>\n<li><strong>Institutionelle Nachhaltigkeit\/Organisation:<\/strong> Dies bezieht sich auf die Sicherstellung des ordnungsgem\u00e4\u00dfen Funktionierens unserer Organisation und der Institutionen, die im Rahmen des Projekts entwickelt wurden.<\/li>\n<li><strong>Programmatische Nachhaltigkeit:<\/strong> Das bedeutet, dass die Projekte und Programme der Organisation auch dann fortgesetzt werden k\u00f6nnen, wenn die Unterst\u00fctzung durch Geber ausbleibt.<\/li>\n<\/ol>\n[\/vc_column_text][\/vc_column][\/vc_row][vc_row css=&#8220;.vc_custom_1545936948364{margin-top: 50px !important;margin-bottom: 50px !important;padding-top: 30px !important;padding-bottom: 30px !important;}&#8220;][vc_column width=&#8220;1\/2&#8243;][vc_column_text]\n<div class=\"wpb_text_column wpb_content_element \">\n<div class=\"wpb_wrapper\">\n<h2><strong>Die drei S\u00e4ulen der Nachhaltigkeit:<\/strong><\/h2>\n<p>Im Jahr 2005 hat der Weltgipfel f\u00fcr soziale Entwicklung drei Kernbereiche identifiziert, die zur Philosophie und Sozialwissenschaft der nachhaltigen Entwicklung beitragen. Die Brundtland-Kommission beschrieb sie als &#8222;eine Entwicklung, die die Bed\u00fcrfnisse der Gegenwart befriedigt, ohne die F\u00e4higkeit k\u00fcnftiger Generationen zu gef\u00e4hrden, ihre eigenen Bed\u00fcrfnisse zu befriedigen&#8220;. Wir m\u00fcssen also die Zukunft ber\u00fccksichtigen, wenn wir unsere Entscheidungen f\u00fcr die Gegenwart treffen.  <\/p><\/div>\n<\/div>\n<div class=\"wpb_text_column wpb_content_element \">\n<h3><\/h3>\n<div class=\"wpb_wrapper\">\n<h3>Wirtschaftliche Entwicklung:<\/h3>\n<p>Dies ist die Frage, die sich als die problematischste erweist, da die meisten Menschen aufgrund ihrer politischen Ideologie nicht wissen, was wirtschaftlich sinnvoll ist und was nicht, und wie sich dies auf die Unternehmen und damit auf die Arbeitspl\u00e4tze und die Besch\u00e4ftigungsf\u00e4higkeit auswirkt. Es geht auch darum, Anreize f\u00fcr Unternehmen und andere Organisationen zu schaffen, sich \u00fcber die normalen gesetzlichen Anforderungen hinaus an Nachhaltigkeitsrichtlinien zu halten. Es geht auch darum, Anreize f\u00fcr den Durchschnittsb\u00fcrger zu schaffen, seinen Beitrag zu leisten, wo und wann er kann. Eine einzelne Person kann selten viel erreichen, aber als Gruppe sind die Auswirkungen in einigen Bereichen kumulativ. Der Markt f\u00fcr Angebot und Nachfrage ist von Natur aus konsumorientiert und das moderne Leben erfordert jeden Tag eine Menge Ressourcen. Bei der wirtschaftlichen Entwicklung geht es darum, den Menschen das zu geben, was sie wollen, ohne die Lebensqualit\u00e4t zu beeintr\u00e4chtigen, insbesondere in den Entwicklungsl\u00e4ndern, und die finanzielle Belastung und den &#8222;b\u00fcrokratischen Aufwand&#8220; f\u00fcr das Richtige zu verringern.    <\/p>\n<h3>Soziale Entwicklung<\/h3>\n<p>Diese S\u00e4ule hat viele Facetten. Am wichtigsten ist das Bewusstsein f\u00fcr den Schutz der Gesundheit der Menschen vor Umweltverschmutzung und anderen sch\u00e4dlichen Aktivit\u00e4ten von Unternehmen und anderen Organisationen und die entsprechende Gesetzgebung. Es geht auch darum, den Zugang zu grundlegenden Ressourcen zu erhalten, ohne die Lebensqualit\u00e4t zu beeintr\u00e4chtigen.  <\/p><\/div>\n<\/div>\n[\/vc_column_text][\/vc_column][vc_column width=&#8220;1\/2&#8243;][vc_single_image image=&#8220;1745&#8243; img_size=&#8220;large&#8220; css=&#8220;.vc_custom_1545937213598{margin-bottom: 30px !important;padding-top: 30px !important;padding-bottom: 30px !important;}&#8220;][vc_column_text]\n<h3>Schutz der Umwelt:<\/h3>\n<p>Wir alle wissen, was wir tun m\u00fcssen, um die Umwelt zu sch\u00fctzen, sei es, dass wir recyceln, unseren Stromverbrauch reduzieren, indem wir elektronische Ger\u00e4te ausschalten, anstatt den Standby-Modus zu nutzen, oder indem wir kurze Strecken zu Fu\u00df zur\u00fccklegen, anstatt den Bus zu nehmen. Unternehmen werden reguliert, um Umweltverschmutzung zu vermeiden und ihre eigenen Kohlenstoffemissionen niedrig zu halten. Es gibt Anreize f\u00fcr die Installation von erneuerbaren Energiequellen in unseren H\u00e4usern und Unternehmen. Der Umweltschutz ist die dritte S\u00e4ule und f\u00fcr viele die wichtigste Sorge um die Zukunft der Menschheit. Er legt fest, wie wir die \u00d6kosysteme, die <a href=\"https:\/\/www.environmentalscience.org\/ambient-air-quality-and-environmental-health\">Luftqualit\u00e4t<\/a>, die Integrit\u00e4t und Nachhaltigkeit unserer Ressourcen untersuchen und sch\u00fctzen sollten, und konzentriert sich auf die Elemente, die die Umwelt belasten. Die EPA hat erkannt, dass die Entwicklung von Technologie und <a href=\"https:\/\/www.environmentalscience.org\/degree\/environmental-biotechnology\">Biotechnologie<\/a> der Schl\u00fcssel zu dieser Nachhaltigkeit ist und dass die Umwelt der Zukunft vor potenziellen Sch\u00e4den gesch\u00fctzt werden muss, die der technologische Fortschritt mit sich bringen k\u00f6nnte.[\/vc_column_text][\/vc_column][\/vc_row]\n","protected":false},"excerpt":{"rendered":"<p>[vc_row][vc_column][\/vc_column][\/vc_row][vc_row equal_height=&#8220;yes&#8220; css=&#8220;.vc_custom_1715283952050{margin-top: 50px !important;}&#8220;][vc_column width=&#8220;1\/4&#8243;][vc_hoverbox image=&#8220;1696&#8243; primary_title=&#8220;&#8220; hover_title=&#8220;&#8220; shape=&#8220;square&#8220; hover_background_color=&#8220;custom&#8220; hover_custom_background=&#8220;#1c57a1&#8243;] KEINE ARMUT Wir verpflichten uns, [&hellip;]<\/p>\n","protected":false},"author":1,"featured_media":0,"parent":0,"menu_order":0,"comment_status":"closed","ping_status":"closed","template":"","meta":[],"categories":[],"tags":[],"_links":{"self":[{"href":"https:\/\/sdc-ev.org\/de\/wp-json\/wp\/v2\/pages\/12920"}],"collection":[{"href":"https:\/\/sdc-ev.org\/de\/wp-json\/wp\/v2\/pages"}],"about":[{"href":"https:\/\/sdc-ev.org\/de\/wp-json\/wp\/v2\/types\/page"}],"author":[{"embeddable":true,"href":"https:\/\/sdc-ev.org\/de\/wp-json\/wp\/v2\/users\/1"}],"replies":[{"embeddable":true,"href":"https:\/\/sdc-ev.org\/de\/wp-json\/wp\/v2\/comments?post=12920"}],"version-history":[{"count":6,"href":"https:\/\/sdc-ev.org\/de\/wp-json\/wp\/v2\/pages\/12920\/revisions"}],"predecessor-version":[{"id":12935,"href":"https:\/\/sdc-ev.org\/de\/wp-json\/wp\/v2\/pages\/12920\/revisions\/12935"}],"wp:attachment":[{"href":"https:\/\/sdc-ev.org\/de\/wp-json\/wp\/v2\/media?parent=12920"}],"wp:term":[{"taxonomy":"category","embeddable":true,"href":"https:\/\/sdc-ev.org\/de\/wp-json\/wp\/v2\/categories?post=12920"},{"taxonomy":"post_tag","embeddable":true,"href":"https:\/\/sdc-ev.org\/de\/wp-json\/wp\/v2\/tags?post=12920"}],"curies":[{"name":"wp","href":"https:\/\/api.w.org\/{rel}","templated":true}]}}