{"id":12924,"date":"2018-12-25T18:24:26","date_gmt":"2018-12-25T17:24:26","guid":{"rendered":"https:\/\/sdc-ev.org\/spenden\/"},"modified":"2025-05-18T11:51:21","modified_gmt":"2025-05-18T09:51:21","slug":"spenden","status":"publish","type":"page","link":"https:\/\/sdc-ev.org\/de\/spenden\/","title":{"rendered":"SPENDEN"},"content":{"rendered":"[vc_row][vc_column width=&#8220;1\/6&#8243;][\/vc_column][vc_column width=&#8220;2\/3&#8243;][vc_empty_space][vc_custom_heading text=&#8220;Spende | Sustainable Development Community e. V.&#8220; font_container=&#8220;tag:h1|font_size:32|text_align:center&#8220;][vc_custom_heading text=&#8220;ERM\u00c4CHTIGEN SIE HOFFNUNG, GEBEN SIE JETZT&#8220; font_container=&#8220;tag:h2|font_size:24|text_align:center|color:%231e73be&#8220;][vc_custom_heading text=&#8220;Mit Ihrer Spende Leben ver\u00e4ndern&#8220; font_container=&#8220;tag:p|text_align:center&#8220; use_theme_fonts=&#8220;yes&#8220;][vc_empty_space][\/vc_column][vc_column width=&#8220;1\/6&#8243;][\/vc_column][\/vc_row][vc_row][vc_column width=&#8220;1\/2&#8243;][vc_empty_space][vc_single_image image=&#8220;13017&#8243; img_size=&#8220;large&#8220;][vc_empty_space][\/vc_column][vc_column width=&#8220;1\/2&#8243;][vc_column_text]Inspirieren Sie den Wandel, machen Sie einen Unterschied! Ihre Gro\u00dfz\u00fcgigkeit unterst\u00fctzt unsere Mission, den Schw\u00e4chsten dieser Welt zu helfen &#8211; den Waisen, \u00e4lteren Menschen, Frauen und Kindern in Not. Mit Ihrer Spende k\u00f6nnen wir denjenigen, die es am n\u00f6tigsten brauchen, lebenswichtige Ressourcen, Unterkunft, Bildung und medizinische Versorgung zur Verf\u00fcgung stellen.  <\/p>\n<p>Spenden k\u00f6nnen Sie \u00fcber das Spendenformular oder direkt auf das Bankkonto unserer NGO t\u00e4tigen:<\/p>\n<p><strong>Kontoinhaber:<\/strong> Gemeinschaft f\u00fcr nachhaltige Entwicklung e.V.<br \/>\n<strong>Bank:<\/strong> Baden-W\u00fcrttembergische Bank<br \/>\n<strong>IBAN:<\/strong> DE13 6005 0101 0001 2375 42<br \/>\n<strong>BIC\/SWIFT:<\/strong> SOLADEST600<\/p>\n<p><strong><span class=\"primary-color\" style=\"color: #3b60c4;\">Vielen Dank f\u00fcr Ihre Freundlichkeit und Unterst\u00fctzung.<\/span><\/strong>  Ihre Spende ist nicht nur ein Geschenk, sie ist ein Rettungsanker f\u00fcr Menschen in Not.[\/vc_column_text][vc_empty_space][\/vc_column][\/vc_row][vc_row][vc_column][vc_column_text]<iframe id=\"tamaro-iframe\" style=\"width: 100%; border: 0;\" src=\"https:\/\/donate.raisenow.io\/jqycz?analytics.channel=embed\"><\/iframe><br \/>\n<script>\n  window.addEventListener(\n    'message',\n    e => {\n      const iframe = document.getElementById('tamaro-iframe')\n      if (iframe && e.origin === 'https:\/\/donate.raisenow.io') {\n        iframe.style.height = e.data.height + 'px'\n      }\n    }\n  )\n<\/script>[\/vc_column_text][\/vc_column][\/vc_row][vc_row css=&#8220;.vc_custom_1548023550064{padding-top: 30px !important;padding-bottom: 30px !important;background-color: #efefef !important;}&#8220;][vc_column width=&#8220;2\/3&#8243; css=&#8220;.vc_custom_1548023029128{padding-left: 30px !important;}&#8220;][vc_column_text]<span style=\"color: #808080;\">Haben Sie Fragen?<\/span><\/p>\n<p><strong>FAQ-Spenden:<\/strong>[\/vc_column_text][vc_toggle title=&#8220;Wie kann ich sicher sein, dass meine Spende dort ankommt, wo sie ankommen soll?&#8220; color=&#8220;blue&#8220; custom_font_container=&#8220;tag:h2|font_size:14|text_align:left&#8220; custom_google_fonts=&#8220;font_family:Andika%3Aregular|font_style:400%20regular%3A400%3Anormal&#8220; use_custom_heading=&#8220;true&#8220;]Unsere Organisation ist eine kleine Organisation, in der wir alle auf freiwilliger Basis arbeiten. Kein einziger Cent der Spendengelder wird f\u00fcr Verwaltungskosten, Fl\u00fcge oder andere Ausgaben verwendet. Diese werden von unseren Vorstandsmitgliedern pers\u00f6nlich getragen, die sie aus ihrer eigenen Tasche bezahlen.  <\/p>\n<p>Wenn wir eine Spende f\u00fcr ein bestimmtes Projekt erhalten, verwenden wir sie zu 100% f\u00fcr dieses Projekt. Wir sammeln alle zugeh\u00f6rigen Belege und ver\u00f6ffentlichen sie zusammen mit Fotos und Videos, auf denen der Name des Spenders auf einem &#8222;DANKE&#8220;-Poster zu sehen ist, das von den Empf\u00e4ngern pers\u00f6nlich getragen wird.<\/p>\n<p>Dar\u00fcber hinaus laden wir jeden Spender ein, sich uns anzuschlie\u00dfen und am gesamten Prozess teilzunehmen, vom Anfang bis zum Ende des Projekts, f\u00fcr das er\/sie spendet. Sie k\u00f6nnen uns gerne per E-Mail kontaktieren: spenden@sustainable-development-community.org[\/vc_toggle][vc_toggle title=&#8220;Ist meine Spende steuerlich absetzbar?&#8220; color=&#8220;blue&#8220; custom_font_container=&#8220;tag:h2|font_size:14|text_align:left&#8220; custom_google_fonts=&#8220;font_family:Andika%3Aregular|font_style:400%20regular%3A400%3Anormal&#8220; use_custom_heading=&#8220;true&#8220;]Ihre Spenden sind nat\u00fcrlich steuerlich absetzbar. Bis zu einem Betrag von 200 Euro erkennt das Finanzamt die Kopie des \u00dcberweisungstr\u00e4gers oder Ihres Kontoauszugs als Spendenbescheinigung an. <\/p>\n<p>Spender, die ihre Spenden auf unser Spendenkonto \u00fcberweisen, erhalten ihre Spendenbescheinigung direkt \u00fcber unseren Verein &#8222;Sustainable Development Community e. V.&#8220;.<\/p>\n<p>Wenn Sie online \u00fcber unseren Spendenpartner Givio spenden, erhalten Sie Ihre Spendenbescheinigung direkt \u00fcber Givio, die Sie dann steuerlich geltend machen k\u00f6nnen, da Givio von den Steuerbeh\u00f6rden als gemeinn\u00fctzig anerkannt ist.[\/vc_toggle][vc_toggle title=&#8220;Wie erteile ich ein neues Lastschriftmandat?&#8220; color=&#8220;blue&#8220; custom_font_container=&#8220;tag:h2|font_size:14|text_align:left&#8220; custom_google_fonts=&#8220;font_family:Andika%3Aregular|font_style:400%20regular%3A400%3Anormal&#8220; use_custom_heading=&#8220;true&#8220;]<a href=\"https:\/\/sustainable-development-community.org\/docs\/SEPA-mandate.pdf\">Hier<\/a> finden Sie das SEPA-Mandatsformular f\u00fcr die wiederkehrende Zahlung von Spenden zur Ansicht und zum Download.[\/vc_toggle][vc_toggle title=&#8220;Auf welches Konto kann ich eine Spende \u00fcberweisen?&#8220; color=&#8220;blue&#8220; custom_font_container=&#8220;tag:h2|font_size:14|text_align:left&#8220; custom_google_fonts=&#8220;font_family:Andika%3Aregular|font_style:400%20regular%3A400%3Anormal&#8220; use_custom_heading=&#8220;true&#8220;]Gerne k\u00f6nnen Sie Ihre Spende auch auf folgendes Konto unter Angabe des gew\u00fcnschten Projekts und Ihrer Adresse \u00fcberweisen:<\/p>\n<p>Kontoinhaber: Gemeinschaft f\u00fcr nachhaltige Entwicklung e.V.<br \/>\nBankinstitut: Baden-W\u00fcrttembergische Bank<br \/>\nIBAN: DE13 6005 0101 0001 2375 42<br \/>\nBIC: SOLADEST600[\/vc_toggle][vc_toggle title=&#8220;Ich habe noch eine Frage, deren Antwort nicht in Ihren FAQ zu finden ist!&#8220; color=&#8220;blue&#8220; custom_font_container=&#8220;tag:h2|font_size:14|text_align:left&#8220; custom_google_fonts=&#8220;font_family:Andika%3Aregular|font_style:400%20regular%3A400%3Anormal&#8220; use_custom_heading=&#8220;true&#8220;]Wenn Sie Fragen haben, schreiben Sie uns bitte an <a href=\"mailto:info@sdc-ev.org\">info@sdc-ev.org<\/a> und wir werden sie so schnell wie m\u00f6glich beantworten. Wir danken Ihnen f\u00fcr Ihre Geduld.[\/vc_toggle][\/vc_column][vc_column width=&#8220;1\/3&#8243;][vc_single_image image=&#8220;2873&#8243; img_size=&#8220;large&#8220; alignment=&#8220;center&#8220;][\/vc_column][\/vc_row]\n","protected":false},"excerpt":{"rendered":"<p>[vc_row][vc_column width=&#8220;1\/6&#8243;][\/vc_column][vc_column width=&#8220;2\/3&#8243;][vc_empty_space][vc_custom_heading text=&#8220;Spende | Sustainable Development Community e. V.&#8220; font_container=&#8220;tag:h1|font_size:32|text_align:center&#8220;][vc_custom_heading text=&#8220;ERM\u00c4CHTIGEN SIE HOFFNUNG, GEBEN SIE JETZT&#8220; [&hellip;]<\/p>\n","protected":false},"author":1,"featured_media":0,"parent":0,"menu_order":0,"comment_status":"closed","ping_status":"closed","template":"","meta":[],"categories":[],"tags":[],"_links":{"self":[{"href":"https:\/\/sdc-ev.org\/de\/wp-json\/wp\/v2\/pages\/12924"}],"collection":[{"href":"https:\/\/sdc-ev.org\/de\/wp-json\/wp\/v2\/pages"}],"about":[{"href":"https:\/\/sdc-ev.org\/de\/wp-json\/wp\/v2\/types\/page"}],"author":[{"embeddable":true,"href":"https:\/\/sdc-ev.org\/de\/wp-json\/wp\/v2\/users\/1"}],"replies":[{"embeddable":true,"href":"https:\/\/sdc-ev.org\/de\/wp-json\/wp\/v2\/comments?post=12924"}],"version-history":[{"count":8,"href":"https:\/\/sdc-ev.org\/de\/wp-json\/wp\/v2\/pages\/12924\/revisions"}],"predecessor-version":[{"id":13025,"href":"https:\/\/sdc-ev.org\/de\/wp-json\/wp\/v2\/pages\/12924\/revisions\/13025"}],"wp:attachment":[{"href":"https:\/\/sdc-ev.org\/de\/wp-json\/wp\/v2\/media?parent=12924"}],"wp:term":[{"taxonomy":"category","embeddable":true,"href":"https:\/\/sdc-ev.org\/de\/wp-json\/wp\/v2\/categories?post=12924"},{"taxonomy":"post_tag","embeddable":true,"href":"https:\/\/sdc-ev.org\/de\/wp-json\/wp\/v2\/tags?post=12924"}],"curies":[{"name":"wp","href":"https:\/\/api.w.org\/{rel}","templated":true}]}}