{"id":13042,"date":"2020-12-20T22:35:19","date_gmt":"2020-12-20T21:35:19","guid":{"rendered":"https:\/\/sdc-ev.org\/satzung\/"},"modified":"2025-05-18T12:07:37","modified_gmt":"2025-05-18T10:07:37","slug":"satzung","status":"publish","type":"page","link":"https:\/\/sdc-ev.org\/de\/satzung\/","title":{"rendered":"Satzung"},"content":{"rendered":"[vc_row][vc_column width=&#8220;2\/3&#8243;][vc_column_text]\n<h1>Satzung der Gesellschaft:<\/h1>\n<h1>Sustainable Development Community e.V.<\/h1>\n<p><strong>Beschlossen auf der Gr\u00fcndungsversammlung am 03.06.2015 in Stuttgart.  <\/strong><\/p>\n<p>&nbsp;<\/p>\n<p><strong>Eingetragen im Vereinsregister des Amtsgerichtes Stuttgart unter der Registriernummer VR 721945 am 17.08.2015.<\/strong><strong> <\/strong><\/p>\n<p><strong>Pr\u00e4ambel<\/strong><\/p>\n<p><em>Der Kampf gegen Armut und Benachteiligung in der Welt ist eine Frage der Solidarit\u00e4t und der sozialen Gerechtigkeit.<\/em><\/p>\n<p>Der Gro\u00dfteil der Menschen lebt in Entwicklungsl\u00e4ndern. Viele leiden unter Hunger und Krankheiten und fristen ihr Leben unter unvorstellbaren Bedingungen. Es ist ein Gebot der Menschlichkeit, es ist aber auch ein tiefes Anliegen und Ziel, auch den Menschen in anderen L\u00e4ndern zu helfen, ihr Leben in Unabh\u00e4ngigkeit, Sicherheit und Hoffnung zu leben.  <\/p>\n<p>Im weltweiten \u00f6konomischen Geflecht wollen wir uns unserer Verantwortung gegen\u00fcber den benachteiligten Menschen Weltweit stellen.<strong> <\/strong><\/p>\n<p><strong>In diesem Sinne gibt sich Sustainable Development Community e.V. folgende Satzung:<\/strong><\/p>\n<h2>Inhalt:<\/h2>\n<p>\u00a7 1 Name, Sitz, Gesch\u00e4ftsjahr<br \/>\n\u00a7 2 Zweck und Aufgaben des Vereins<br \/>\n\u00a7 3 Steuerbeg\u00fcnstigung<br \/>\n\u00a7 4 Mitgliedschaft<br \/>\n\u00a7 5 Beitr\u00e4ge<br \/>\n\u00a7 6 Organe des Vereins<br \/>\n\u00a7 7 Die Mitgliederversammlung<br \/>\n\u00a7 8 Der Vorstand<br \/>\n\u00a7 9 Satzungs\u00e4nderungen und Aufl\u00f6sung<\/p>\n<h2>\u00a71 Name, Sitz, Gesch\u00e4ftsjahr<\/h2>\n<ol>\n<li>Der Verein f\u00fchrt den Namen &#8222;Sustainable Development Community e.V.&#8220;.<\/li>\n<li>Er hat seinen Sitz in Stuttgart und ist im Vereinsregister eingetragen.<\/li>\n<li>Das Gesch\u00e4ftsjahr ist das Kalenderjahr.<\/li>\n<\/ol>\n<h2>\u00a72 Zweck und Aufgaben des Vereins<\/h2>\n<ol>\n<li>Zweck des Vereins ist die F\u00f6rderung der Entwicklungszusammenarbeit.<\/li>\n<li>Der Satzungszweck wird insbesondere verwirklicht durch: Planung und Bau von Infrastrukturobjekten in Entwicklungsl\u00e4ndern, wie z.B.:<\/li>\n<\/ol>\n<ul>\n<li>L\u00e4ndliche Entwicklung<\/li>\n<li>Wasser- und Sanit\u00e4rversorgungssysteme<\/li>\n<li>Strom und K\u00e4lte\/W\u00e4rmeerzeugung (Biogas, Solartechnik, Windkraft, Generatoren, etc.)<\/li>\n<li>Alternative umweltfreundliche Kochsysteme<\/li>\n<li>Unterk\u00fcnften<\/li>\n<li>Schulen<\/li>\n<li>Krankenh\u00e4user<\/li>\n<li>Kirchen<\/li>\n<li>Wege<\/li>\n<li>Br\u00fccken, etc.<\/li>\n<li>Schulung und Ausbildung der Betroffenen (Hilfe zur Selbsthilfe.)<\/li>\n<li>Die Entwicklung und Erforschung f\u00fcr die Entwicklungszusammenarbeit relevanter Techniken, Anlagen und Bauwerke.<\/li>\n<li>Bildungsma\u00dfnahmen und -kampagnen.<\/li>\n<li>Aufkl\u00e4rungs- und \u00d6ffentlichkeitsarbeit.<\/li>\n<\/ul>\n<h2>\u00a7 3 Steuerbeg\u00fcnstigung<\/h2>\n<ol>\n<li>Der Verein verfolgt aussschlie\u00dflich und unmittelbar gemeinn\u00fctzige Zwecke im Sinne des Abschnitts &#8222;steuerbeg\u00fcnstigte Zwecke&#8220; der Abgabenordnung. Der Verein ist selbstlos t\u00e4tig; er verfolgt nicht in erster Linie eigenwirtschaftliche Zwecke. <\/li>\n<li>Mittel des Vereins d\u00fcrfen nur f\u00fcr die satzungsm\u00e4\u00dfigen Zwecke verwendet werden. Die Mitglieder erhalten keine Zuwendungen aus Mitteln des Vereins. Es darf keine Person durch Ausgaben, die dem Zweck des Vereins fremd sind, oder durch unverh\u00e4ltnism\u00e4\u00dfig hohe Verg\u00fctungen beg\u00fcnstigt werden.  <\/li>\n<\/ol>\n<h2>\u00a7 4 Mitgliedschaft<\/h2>\n<ol>\n<li>Mitglieder k\u00f6nnen alle nat\u00fcrlichen und juristischen Personen werden, die die Ziele des Vereins unterst\u00fctzen.<\/li>\n<li>Die Mitgliedschaft wird durch eine schriftliche Beitrittserkl\u00e4rung erworben.<\/li>\n<li>Der Austritt eines Mitgliedes erfolgt durch schriftliche Erkl\u00e4rung gegen\u00fcber dem Vorstand mit einer Frist von drei Monaten zum Schluss des Gesch\u00e4ftsjahres.<\/li>\n<li>Ein Mitglied kann durch Beschluss des Vorstandes ausgeschlossen werden, wenn es den Vereinszielen zuwider handelt oder seinen Verpflichtungen gegen\u00fcber dem Verein nicht nachkommt. Gegen den Beschluss kann das Mitglied die Mitgliederversammlung anrufen. Diese entscheidet endg\u00fcltig. Das Mitglied ist zu der Versammlung einzuladen und anzuh\u00f6ren.   <\/li>\n<li>Die Mitgliedschaft endet mit dem Tod.<\/li>\n<\/ol>\n<h2>\u00a7 5 Beitr\u00e4ge<\/h2>\n<p>Die Mitglieder haben einen Beitrag zu leisten. \u00dcber die H\u00f6he der Mitgliedsbeitr\u00e4ge beschlie\u00dft die Mitgliederversammlung. Bei Eintritt w\u00e4hrend des Gesch\u00e4ftsjahres wird der volle Jahresbeitrag f\u00e4llig.  <\/p>\n<h2>\u00a76 Organe des Vereins<\/h2>\n<p>Die Organe des Vereins sind:<\/p>\n<ol>\n<li>Mitgliederversammlung<\/li>\n<li>Vorstand Vorsitzender<\/li>\n<li>Vorstand Stellvertreter<\/li>\n<li>Kassenpr\u00fcfer<\/li>\n<\/ol>\n<h2>\u00a77 Mitgliederversammlung<\/h2>\n<ol>\n<li>Oberstes Organ ist die Mitgliederversammlung. Sie wird in der Regel vom Vorstandsvorsitzenden geleitet. <\/li>\n<li>Die Mitgliederversammlung stellt die Richtlinien f\u00fcr die Arbeit des Vereins auf und entscheidet Fragen von grunds\u00e4tzlicher Bedeutung. Zu den Aufgaben der Mitgliederversammlung geh\u00f6ren insbesondere: <\/li>\n<\/ol>\n<ul>\n<li>Wahl und Abwahl des Vorstandes<\/li>\n<li>Wahl der Mitglieder weiterer Gremien.<\/li>\n<li>Beratung \u00fcber den Stand und die Planung der Arbeit<\/li>\n<li>Genehmigung des vom Vorstand vorgelegten Wirtschafts- und Investitionsplans<\/li>\n<li>Beschlussfassung \u00fcber den Jahresabschluss<\/li>\n<li>Entgegennahme des Gesch\u00e4ftsberichts des Vorstandes<\/li>\n<li>Beschlussfassung \u00fcber die Entlastung des Vorstandes<\/li>\n<li>Erlass der Beitragsordnung, die nicht Bestandteil der Satzung ist<\/li>\n<li>Beschlussfassung \u00fcber die \u00dcbernahme neuer Aufgaben oder den R\u00fcckzug aus Aufgaben seitens des Vereins<\/li>\n<li>Beschlussfassung \u00fcber \u00c4nderungen der Satzung und die Aufl\u00f6sung des Vereins.<\/li>\n<li>Zur Mitgliederversammlung wird vom Vorstandsvorsitzenden unter Angabe der vorl\u00e4ufigen Tagesordnung mindestens vier Wochen vorher schriftlich eingeladen. Sie tagt so oft es erforderlich ist, in der Regel einmal im Jahr. <\/li>\n<li>Eine au\u00dferordentliche Mitgliederversammlung findet statt, wenn mindestens 25 % der Mitglieder sie unter Angabe von Gr\u00fcnden verlangen. Sie muss l\u00e4ngstens f\u00fcnf Wochen nach Eingang des Antrags auf schriftliche Berufung tagen. <\/li>\n<li>Die Mitgliederversammlung ist beschlussf\u00e4hig, wenn mehr als die H\u00e4lfte der Mitglieder anwesend ist; ihre Beschl\u00fcsse werden mit Stimmenmehrheit gefasst.<\/li>\n<li>\u00dcber die Beschl\u00fcsse und, soweit zum Verst\u00e4ndnis \u00fcber deren Zustandekommen erforderlich, auch \u00fcber den wesentlichen Verlauf der Verhandlung, ist eine Niederschrift anzufertigen. Sie wird vom Versammlungsleiter und dem Protokollf\u00fchrer unterschrieben. <\/li>\n<\/ul>\n<p>&nbsp;<\/p>\n<h2>\u00a78 Vorstand<\/h2>\n<ol>\n<li>Der Vorstand besteht aus dem Vorsitzenden, dem stellvertretenden und dem Kassenpr\u00fcfer. Sie bilden den Vorstand im Sinne von \u00a7 26 BGB. Die Vorstandsmitglieder sind ehrenamtlich t\u00e4tig.  <\/li>\n<li>Die Vorstandsmitglieder haben die Vereinsgesch\u00e4fte mit der Sorgfalt eines ordentlichen Kaufmanns zu f\u00fchren. F\u00fcr einzelne Rechtsgesch\u00e4fte \u00fcber 50.000,00 \u20ac ben\u00f6tigt der Vorstand die Zustimmung der Mitgliederversammlung. <\/li>\n<li>Zur rechtsverbindlichen Vertretung gen\u00fcgt die gemeinsame Zeichnung durch zwei Mitglieder des Vorstandes.<\/li>\n<li>Die Amtszeit der Vorstandsmitglieder betr\u00e4gt 2 Jahre. Sie bleiben bis zur Bestellung des neuen Vorstandes im Amt. <\/li>\n<li>Der Vorstand soll in der Regel monatlich tagen.<\/li>\n<li>Die Beschl\u00fcsse sind schriftlich zu protokollieren und von dem Vorstandsvorsitzenden zu unterzeichnen.<\/li>\n<\/ol>\n<h2>\u00a79 Satzungs\u00e4nderung und Aufl\u00f6sung<\/h2>\n<ol>\n<li>\u00dcber Satzungs\u00e4nderungen, die \u00c4nderung des Vereinszwecks und die Aufl\u00f6sung entscheidet die Mitgliederversammlung. Die Abstimmung muss schriftlich durchgef\u00fchrt werden, wenn zwei Drittel der bei der Abstimmung anwesenden stimmberechtigten Mitglieder dies beantragen. Vorschl\u00e4ge zu Satzungs\u00e4nderungen, Zweck\u00e4nderungen und zur Aufl\u00f6sung sind den stimmberechtigten Mitgliedern bis sp\u00e4testens einen Monat vor der Sitzung der Mitgliederversammlung zuzuleiten. F\u00fcr die Beschlussfassung ist eine Mehrheit von drei Vierteln der anwesenden Stimmberechtigten erforderlich.   <\/li>\n<li>\u00c4nderungen oder Erg\u00e4nzungen der Satzung, die von der zust\u00e4ndigen Registerbeh\u00f6rde oder vom Finanzamt vorgeschrieben werden, werden vom Vorstand umgesetzt und bed\u00fcrfen keiner Beschlussfassung durch die Mitgliederversammlung. Sie sind den Mitgliedern sp\u00e4testens mit der n\u00e4chsten Einladung zur Mitgliederversammlung mitzuteilen. <\/li>\n<li>Bei Aufl\u00f6sung oder Aufhebung des Vereins oder bei Wegfall steuerbeg\u00fcnstigter Zwecke f\u00e4llt das Verm\u00f6gen des Vereins an eine K\u00f6rperschaft des \u00f6ffentlichen Rechts oder eine andere steuerbeg\u00fcnstigte K\u00f6rperschaft zwecks Verwendung f\u00fcr die F\u00f6rderung der Entwicklungszusammenarbeit.<\/li>\n<\/ol>\n<p>&nbsp;<\/p>\n<p>Ort, Datum und Unterschriften<\/p>\n<p>Stuttgart, den 03.06.2015<\/p>\n<p>&nbsp;<\/p>\n<p>&nbsp;<\/p>\n<p>&nbsp;<\/p>\n<p>&nbsp;<\/p>\n<p>&nbsp;<\/p>\n<p>&nbsp;<\/p>\n<p>&nbsp;<\/p>\n[\/vc_column_text][\/vc_column][vc_column width=&#8220;1\/3&#8243;][vc_widget_sidebar sidebar_id=&#8220;denorious_sidebar&#8220;][\/vc_column][\/vc_row]\n","protected":false},"excerpt":{"rendered":"<p>[vc_row][vc_column width=&#8220;2\/3&#8243;][vc_column_text] Satzung der Gesellschaft: Sustainable Development Community e.V. Beschlossen auf der Gr\u00fcndungsversammlung am 03.06.2015 in Stuttgart. [&hellip;]<\/p>\n","protected":false},"author":1,"featured_media":0,"parent":0,"menu_order":0,"comment_status":"closed","ping_status":"closed","template":"","meta":[],"categories":[],"tags":[],"_links":{"self":[{"href":"https:\/\/sdc-ev.org\/de\/wp-json\/wp\/v2\/pages\/13042"}],"collection":[{"href":"https:\/\/sdc-ev.org\/de\/wp-json\/wp\/v2\/pages"}],"about":[{"href":"https:\/\/sdc-ev.org\/de\/wp-json\/wp\/v2\/types\/page"}],"author":[{"embeddable":true,"href":"https:\/\/sdc-ev.org\/de\/wp-json\/wp\/v2\/users\/1"}],"replies":[{"embeddable":true,"href":"https:\/\/sdc-ev.org\/de\/wp-json\/wp\/v2\/comments?post=13042"}],"version-history":[{"count":6,"href":"https:\/\/sdc-ev.org\/de\/wp-json\/wp\/v2\/pages\/13042\/revisions"}],"predecessor-version":[{"id":13048,"href":"https:\/\/sdc-ev.org\/de\/wp-json\/wp\/v2\/pages\/13042\/revisions\/13048"}],"wp:attachment":[{"href":"https:\/\/sdc-ev.org\/de\/wp-json\/wp\/v2\/media?parent=13042"}],"wp:term":[{"taxonomy":"category","embeddable":true,"href":"https:\/\/sdc-ev.org\/de\/wp-json\/wp\/v2\/categories?post=13042"},{"taxonomy":"post_tag","embeddable":true,"href":"https:\/\/sdc-ev.org\/de\/wp-json\/wp\/v2\/tags?post=13042"}],"curies":[{"name":"wp","href":"https:\/\/api.w.org\/{rel}","templated":true}]}}