{"id":13072,"date":"2019-02-16T21:03:04","date_gmt":"2019-02-16T20:03:04","guid":{"rendered":"https:\/\/sdc-ev.org\/wie-sie-helfen-koennen\/einkaufen-fuer-wohltaetige-zwecke\/"},"modified":"2025-05-19T12:19:37","modified_gmt":"2025-05-19T10:19:37","slug":"einkaufen-fuer-wohltaetige-zwecke","status":"publish","type":"page","link":"https:\/\/sdc-ev.org\/de\/wie-sie-helfen-koennen\/einkaufen-fuer-wohltaetige-zwecke\/","title":{"rendered":"EINKAUFEN F\u00dcR WOHLT\u00c4TIGE ZWECKE"},"content":{"rendered":"[vc_row][vc_column width=&#8220;2\/3&#8243;][vc_column_text css=&#8220;.vc_custom_1550350825478{padding-bottom: 30px !important;}&#8220;]\n<p class=\"csc-firstHeader\"><strong>Charity Shopping &#8211; Spenden beim Einkaufen:<\/strong><\/p>\n<p>Machen Sie aus jedem Online-Einkauf eine gute Tat und unterst\u00fctzen Sie v\u00f6llig kostenfrei den Sustainable Development Community e. V.. F\u00fcr Sie als K\u00e4ufer \u00e4ndert sich fast nichts. Sie kaufen wie gewohnt bei Ihrem gew\u00fcnschten Online-Shop ein. Neu ist nur, dass Sie nicht direkt zur Shoppingseite gehen, sondern \u00fcber einen Link auf unserem Partnerportal Gooding. Durch jeden Einkauf entsteht so eine Spende, die der Shop-Betreiber als Provision f\u00fcr die Weiterleitung zahlt. Es lohnt sich auch, vor dem n\u00e4chsten Einkauf den kleinen Umweg \u00fcber Gooding zu nehmen. Eine tolle M\u00f6glichkeit, unsere Projekte ganz nebenbei zu unterst\u00fctzen!<\/p>\n[\/vc_column_text][vc_column_text]\n\r\n<div style=\"height: 900px; position: relative;\"><iframe id=\"Gooding Shop-Widget\" style=\"position: absolute; top: 0; left: 0; width: 100%!important; height: 100%!important;\" title=\"Gooding Shop-Widget\" src=\"https:\/\/erweiterungen.gooding.de\/app\/shop\/sustainable-development-community-e-v-74954\/category\/beliebteste-shops\/v\/1550346402.oYoBpj0hdO8EJaM4ZnmAwVwsnniRIJnFdnZ9Q7bBWLt5ZLptqYq26l0LlcSOVnTQPiRlypK13SSaFIbAspc2%252BosA7fdd2qmcSe0KS0myIlwangOH6IbtcJ3U5dhBmWccBl6r5%252BcAADW3ZVrEYUcWurLKmL0MWxsP%252BF9ys6%252BAVFhyK8tCtPtK3jx6LrpUp5a1aEtSHyaC9fKfgOmSpmMoFQ%253D%253D\" name=\"Gooding Shop-Widget\" frameborder=\"0\" scrolling=\"yes\"><\/iframe><\/div>\r\n<p><\/p>[\/vc_column_text][\/vc_column][vc_column width=&#8220;1\/3&#8243; css=&#8220;.vc_custom_1550351029697{background-color: #ededed !important;}&#8220;][vc_column_text]\n<h3>100% Garantie des Betreibers von gooding.de<\/h3>\n<div class=\"row\">\n<div class=\"row-xs-height\">\n<div class=\"col-xs-10 col-xs-height col-md-12 \">\n<ol class=\"standard\">\n<li>100% kostenlos f\u00fcr Sie und die Vereine<\/li>\n<li>Weil zu 100% durch Unternehmen finanziert<\/li>\n<li>100% der Pr\u00e4mien k\u00f6nnen Sie Vereinen und Projekten zuweisen<\/li>\n<li>Ihre Daten bleiben zu 100% bei uns in sicheren H\u00e4nden<\/li>\n<\/ol>\n<\/div>\n<\/div>\n<\/div>\n[\/vc_column_text][vc_column_text css=&#8220;.vc_custom_1550350851207{padding-top: 30px !important;padding-bottom: 30px !important;}&#8220;]\n<h2 style=\"text-align: center;\"><strong>Ansprechpartner:<\/strong><\/h2>\n[\/vc_column_text]\n\t\t\t<div class=\"col-md-12\">\n\t\t\t\t<div class=\"sc_team_item\">\t\n\t\t\t\t\t<div class=\"sc_team_item_avatar\" style=\"background:url(https:\/\/sdc-ev.org\/wp-content\/uploads\/2017\/11\/VIP-2-BU-thumb_IMG_9324_1024.jpg) no-repeat center center;background-size: cover;\">\n\t\t\t\t\t<\/div>\t\t\t\t\t\n\t\t\t\t\t<div class=\"sc_team_item_info\">\n\t\t\t\t\t\t<div class=\"sc_team_inner\">\n\t\t\t\t\t\t\t<h3 class=\"sc_team_item_title\">Amjad Ayoubi<\/a><\/h3>\n\t\t\t\t\t\t\t<div class=\"sc_team_item_position\"><\/div>\n\t\t\t\t\t\t\t<div class=\"sc_socials sc_socials_size_small\">\t\t\t\t\t\t\t\t\n\t\t\t\t\t\t\t\t<div class=\"sc_socials_item\">\n\t\t\t\t\t\t\t\t\t<a href=\"https:\/\/www.facebook.com\/amjad.ayoubi.1\" target=\"_blank\" class=\"icons\"><i class=\"fa fa-facebook\"><\/i><\/a>\n\t\t\t\t\t\t\t\t<\/div>\t\t\t\t\t\t\t\t\t\t\t\t\t\t\t\t\t\t\t\t\t\n\t\t\t\t\t\t\t\t<div class=\"sc_socials_item\">\n\t\t\t\t\t\t\t\t\t<a href=\"https:\/\/www.linkedin.com\/in\/amjad-ayoubi-6a110035\/\" target=\"_blank\" class=\"icons\"><i class=\"fa fa-linkedin\"><\/i><\/a>\n\t\t\t\t\t\t\t\t<\/div>\t\t\t\t\t\t\t\t\n\t\t\t\t\t\t\t<\/div>\n\t\t\t\t\t\t<\/div>\n\t\t\t\t\t<\/div>\n\t\t\t\t<\/div>\n\t\t\t<\/div>\n\t[vc_column_text css=&#8220;.vc_custom_1550350838158{padding-top: 30px !important;}&#8220;]\n<p style=\"text-align: center;\"><strong>Mobil:<\/strong> 017632423769<\/p>\n<p style=\"text-align: center;\"><strong>E-Mail:<\/strong> ayoubi@sdc-ev.org<\/p>\n[\/vc_column_text][\/vc_column][\/vc_row]\n","protected":false},"excerpt":{"rendered":"<p>[vc_row][vc_column width=&#8220;2\/3&#8243;][vc_column_text css=&#8220;.vc_custom_1550350825478{padding-bottom: 30px !important;}&#8220;] Charity Shopping &#8211; Spenden beim Einkaufen: Machen Sie aus jedem Online-Einkauf eine [&hellip;]<\/p>\n","protected":false},"author":1,"featured_media":0,"parent":12895,"menu_order":0,"comment_status":"closed","ping_status":"closed","template":"","meta":[],"categories":[],"tags":[],"_links":{"self":[{"href":"https:\/\/sdc-ev.org\/de\/wp-json\/wp\/v2\/pages\/13072"}],"collection":[{"href":"https:\/\/sdc-ev.org\/de\/wp-json\/wp\/v2\/pages"}],"about":[{"href":"https:\/\/sdc-ev.org\/de\/wp-json\/wp\/v2\/types\/page"}],"author":[{"embeddable":true,"href":"https:\/\/sdc-ev.org\/de\/wp-json\/wp\/v2\/users\/1"}],"replies":[{"embeddable":true,"href":"https:\/\/sdc-ev.org\/de\/wp-json\/wp\/v2\/comments?post=13072"}],"version-history":[{"count":1,"href":"https:\/\/sdc-ev.org\/de\/wp-json\/wp\/v2\/pages\/13072\/revisions"}],"predecessor-version":[{"id":13073,"href":"https:\/\/sdc-ev.org\/de\/wp-json\/wp\/v2\/pages\/13072\/revisions\/13073"}],"up":[{"embeddable":true,"href":"https:\/\/sdc-ev.org\/de\/wp-json\/wp\/v2\/pages\/12895"}],"wp:attachment":[{"href":"https:\/\/sdc-ev.org\/de\/wp-json\/wp\/v2\/media?parent=13072"}],"wp:term":[{"taxonomy":"category","embeddable":true,"href":"https:\/\/sdc-ev.org\/de\/wp-json\/wp\/v2\/categories?post=13072"},{"taxonomy":"post_tag","embeddable":true,"href":"https:\/\/sdc-ev.org\/de\/wp-json\/wp\/v2\/tags?post=13072"}],"curies":[{"name":"wp","href":"https:\/\/api.w.org\/{rel}","templated":true}]}}