{"id":13131,"date":"2025-05-19T13:44:57","date_gmt":"2025-05-19T11:44:57","guid":{"rendered":"https:\/\/sdc-ev.org\/projekte\/hearease-fuer-kleine-ohren\/"},"modified":"2025-05-20T12:15:35","modified_gmt":"2025-05-20T10:15:35","slug":"hearease-fuer-kleine-ohren","status":"publish","type":"page","link":"https:\/\/sdc-ev.org\/de\/projekte\/hearease-fuer-kleine-ohren\/","title":{"rendered":"HearEase f\u00fcr kleine Ohren"},"content":{"rendered":"[vc_row][vc_column][vc_custom_heading text=&#8220;HearEase f\u00fcr kleine Ohren: H\u00f6rger\u00e4te f\u00fcr Kinder in Uganda&#8220; font_container=&#8220;tag:h1|font_size:32|text_align:center&#8220;][vc_empty_space][\/vc_column][\/vc_row][vc_row full_width=&#8220;stretch_row&#8220; css=&#8220;.vc_custom_1747723015127{padding-top: 50px !important;padding-bottom: 50px !important;}&#8220;][vc_column width=&#8220;1\/2&#8243;][vc_single_image image=&#8220;13120&#8243; img_size=&#8220;large&#8220; alignment=&#8220;center&#8220;][vc_empty_space][\/vc_column][vc_column width=&#8220;1\/2&#8243;][vc_custom_heading text=&#8220;Weil jedes Kind es verdient, die Welt zu h\u00f6ren&#8220; font_container=&#8220;tag:h2|font_size:32|text_align:left&#8220;][vc_empty_space][vc_column_text]In den Jahren 2023 und 2024 kam eine herzzerrei\u00dfende Realit\u00e4t ans Licht: Hunderte von Kindern in Ugandas Luwero-Distrikt k\u00e4mpfen mit H\u00f6rverlust &#8211; die meisten von ihnen im Stillen. Viele dieser Kinder sind Waisen oder stammen aus Familien, die zu arm sind, um sich H\u00f6rger\u00e4te leisten zu k\u00f6nnen. Ihre H\u00f6rprobleme schr\u00e4nken ihre F\u00e4higkeit zu lernen, zu kommunizieren und mit anderen in Kontakt zu treten stark ein.  <\/p>\n<p>Wir von SDC e. V. konnten nicht tatenlos zusehen. Deshalb haben wir HearEase for Small Ears ins Leben gerufen &#8211; ein lebensver\u00e4nderndes Projekt, das Kindern ihre F\u00e4higkeit zu h\u00f6ren, zu wachsen und zu gedeihen zur\u00fcckgeben soll.[\/vc_column_text][vc_empty_space][\/vc_column][\/vc_row][vc_row full_width=&#8220;stretch_row&#8220; css=&#8220;.vc_custom_1747723006487{padding-top: 50px !important;padding-bottom: 50px !important;background-color: rgba(0,0,0,0.05) !important;*background-color: rgb(0,0,0) !important;}&#8220;][vc_column width=&#8220;1\/2&#8243;][vc_custom_heading text=&#8220;Was wir bisher getan haben&#8220; font_container=&#8220;tag:h2|font_size:32|text_align:left&#8220;][vc_empty_space][vc_column_text]Gemeinsam mit lokalen Schulen und Gesundheitszentren haben wir eine Bedarfsanalyse durchgef\u00fchrt und \u00fcber 300 Kinder und Jugendliche auf H\u00f6rsch\u00e4den untersucht. Die Ergebnisse waren eindeutig: 48 Kinder ben\u00f6tigen dringend mindestens ein H\u00f6rger\u00e4t. <\/p>\n<p>Um eine m\u00f6glichst professionelle und kosteneffiziente Unterst\u00fctzung zu bieten, haben wir uns mit Dr. Ismael Byaruhanga, einem klinischen Audiologen und Doktoranden an der Universit\u00e4t K\u00f6ln, und seiner gemeinn\u00fctzigen WOCHI (Women, Child and Health Initiative) zusammengetan. Dr. Byaruhanga kann auf eine langj\u00e4hrige Erfahrung mit nachhaltigen Gesundheitsprojekten in Ostafrika zur\u00fcckblicken und engagiert sich sehr f\u00fcr die Verbesserung der Lebensbedingungen von Kindern mit Behinderungen.[\/vc_column_text][vc_empty_space][\/vc_column][vc_column width=&#8220;1\/2&#8243;][vc_empty_space][vc_single_image image=&#8220;13095&#8243; img_size=&#8220;large&#8220; alignment=&#8220;center&#8220;][vc_empty_space][\/vc_column][\/vc_row][vc_section full_width=&#8220;stretch_row&#8220; content_placement=&#8220;top&#8220; css=&#8220;.vc_custom_1747723022079{padding-top: 50px !important;padding-bottom: 50px !important;background-image: url(https:\/\/sdc-ev.org\/wp-content\/uploads\/2025\/05\/banner01.jpg?id=13112) !important;}&#8220;][vc_row][vc_column width=&#8220;1\/2&#8243; css=&#8220;.vc_custom_1747722875740{background-color: rgba(255,255,255,0.5) !important;*background-color: rgb(255,255,255) !important;}&#8220;][vc_empty_space height=&#8220;50&#8243;][vc_row_inner][vc_column_inner width=&#8220;1\/4&#8243;][\/vc_column_inner][vc_column_inner width=&#8220;1\/2&#8243;][vc_custom_heading text=&#8220;Hinter jeder Statistik steht ein Kind mit Tr\u00e4umen, das darauf wartet, geh\u00f6rt zu werden.&#8220; font_container=&#8220;tag:p|font_size:32|text_align:left|color:rgba(0%2C0%2C0%2C0.9)|line_height:1.5&#8243;][vc_empty_space][vc_btn title=&#8220;Jetzt spenden&#8220; color=&#8220;success&#8220; link=&#8220;url:%23donation_form|&#8220;][\/vc_column_inner][vc_column_inner width=&#8220;1\/4&#8243;][\/vc_column_inner][\/vc_row_inner][vc_empty_space height=&#8220;100&#8243;][\/vc_column][vc_column width=&#8220;1\/2&#8243;][\/vc_column][\/vc_row][\/vc_section][vc_row css=&#8220;.vc_custom_1747670406948{padding-top: 50px !important;padding-bottom: 50px !important;}&#8220;][vc_column width=&#8220;1\/2&#8243;][vc_custom_heading text=&#8220;Was soll mit dem HearEase-Projekt erreicht werden?&#8220; font_container=&#8220;tag:h2|font_size:32|text_align:left&#8220;][vc_empty_space][vc_column_text]Unser Ziel ist es, 48 Kinder im Alter von 2 bis 17 Jahren mit individuell angepassten H\u00f6rger\u00e4ten zu versorgen und ihnen so eine neue Chance auf Kommunikation, Lernen und Integration zu geben.<\/p>\n<p>Aber wir tun mehr, als nur Ger\u00e4te zu installieren. Wir schaffen eine langfristige Wirkung durch: <\/p>\n<ol>\n<li>Professionelle audiologische Beurteilungen f\u00fcr jedes Kind anbieten<\/li>\n<li>Schulung von Lehrern und Eltern zur Unterst\u00fctzung h\u00f6rgesch\u00e4digter Kinder<\/li>\n<li>Nachsorge und Anpassungen, um dauerhafte Vorteile zu gew\u00e4hrleisten<\/li>\n<li>F\u00f6rderung des Bewusstseins und der Integration in der Gemeinschaft<\/li>\n<\/ol>\n[\/vc_column_text][vc_empty_space][vc_custom_heading text=&#8220;Wie wir helfen &#8211; Unser medizinischer und p\u00e4dagogischer Ansatz&#8220; font_container=&#8220;tag:h2|font_size:32|text_align:left&#8220;][vc_column_text]\n<p>Jedes Kind erh\u00e4lt eine vollst\u00e4ndige diagnostische Bewertung, die Folgendes umfasst:<\/p>\n<ol>\n<li>Otoskopie<\/li>\n<li>Tympanometrie<\/li>\n<li>Reinton-Audiometrie (PTA)<\/li>\n<li>Sprachaudiometrie<\/li>\n<\/ol>\n<p>Auf der Grundlage dieser Ergebnisse passen wir jedem Kind ein <strong>ma\u00dfgeschneidertes bilaterales H\u00f6rger\u00e4t<\/strong> an. Wir achten auf Qualit\u00e4t und Langlebigkeit, um sicherzustellen, dass die Ger\u00e4te den Kindern viele Jahre lang dienen. <\/p>\n<p>Wir organisieren auch Workshops f\u00fcr Eltern und Lehrer, um sicherzustellen, dass die Kinder in ihrem t\u00e4glichen Leben unterst\u00fctzt werden &#8211; zu Hause, in der Schule und in der Gemeinde. Regelm\u00e4\u00dfige Nachkontrollen und Wartung gew\u00e4hrleisten die optimale Leistung jedes Ger\u00e4ts. <\/p>\n[\/vc_column_text][vc_empty_space][vc_btn title=&#8220;Jetzt spenden&#8220; color=&#8220;success&#8220; link=&#8220;url:%23donation_form|&#8220;][\/vc_column][vc_column width=&#8220;1\/2&#8243;][vc_empty_space][vc_single_image image=&#8220;13092&#8243; img_size=&#8220;full&#8220; alignment=&#8220;center&#8220;][vc_empty_space][\/vc_column][\/vc_row][vc_row full_width=&#8220;stretch_row&#8220; css=&#8220;.vc_custom_1747670415772{padding-top: 50px !important;padding-bottom: 50px !important;background-color: rgba(0,0,0,0.05) !important;*background-color: rgb(0,0,0) !important;}&#8220;][vc_column width=&#8220;1\/2&#8243;][vc_empty_space][vc_custom_heading text=&#8220;Budget und Finanzbedarf&#8220; font_container=&#8220;tag:h2|font_size:32|text_align:left&#8220;][vc_empty_space][vc_column_text]\n<p class=\"\" data-start=\"2735\" data-end=\"2812\">Um dieses Projekt vollst\u00e4ndig umzusetzen, ben\u00f6tigen wir <strong data-start=\"2776\" data-end=\"2787\">25.500 \u20ac<\/strong>. Diese Mittel werden f\u00fcr Folgendes verwendet: <\/p>\n<ol>\n<li>Kauf und Anpassung von H\u00f6rger\u00e4ten<\/li>\n<li>Diagnostische Vorsorgeuntersuchungen und Nachsorge<\/li>\n<li>Honorare f\u00fcr Audiologen und Trainer<\/li>\n<li>Schulungsworkshops f\u00fcr Eltern und Lehrer<\/li>\n<li>\u00dcberwachung, Logistik und minimale Verwaltungskosten<\/li>\n<\/ol>\n<p><strong data-start=\"3048\" data-end=\"3061\">Die SDC e. V.<\/strong> wird einen Teil der Projektkosten durch ihren eigenen Beitrag decken, einschlie\u00dflich der Koordinierung und langfristigen Unterst\u00fctzung durch die SDC Afrika.<\/p>\n[\/vc_column_text][vc_empty_space][vc_btn title=&#8220;Jetzt spenden&#8220; color=&#8220;success&#8220; link=&#8220;url:%23donation_form|&#8220;][\/vc_column][vc_column width=&#8220;1\/2&#8243;][vc_empty_space][vc_custom_heading text=&#8220;Langfristige Vision: Eine nachhaltige L\u00f6sung f\u00fcr die H\u00f6rgesundheit&#8220; font_container=&#8220;tag:h2|font_size:32|text_align:left&#8220;][vc_empty_space][vc_column_text]Wir glauben an L\u00f6sungen, die Bestand haben. Das ist der Grund: <\/p>\n<ol>\n<li>Das Projekt ist in die <strong>lokalen Gesundheits- und Bildungssysteme<\/strong> integriert<\/li>\n<li>Wir schulen <strong>lokale Fachleute, Eltern und Lehrer<\/strong><\/li>\n<li>Community Outreach f\u00f6rdert <strong data-start=\"3467\" data-end=\"3508\">Verst\u00e4ndnis, Empathie und Integration<\/strong><\/li>\n<li>Wir garantieren die laufende <strong>Versorgung mit Batterien und die Wartung der Ger\u00e4te<\/strong> \u00fcber ein lokales Netzwerk<\/li>\n<\/ol>\n<p>Durch die Zusammenarbeit mit WOCHI und lokalen Gesundheitszentren schaffen wir die Grundlage f\u00fcr eine dauerhafte Ver\u00e4nderung der Art und Weise, wie H\u00f6rverlust diagnostiziert, behandelt und verstanden wird.[\/vc_column_text][vc_empty_space][\/vc_column][\/vc_row][vc_row][vc_column][vc_custom_heading text=&#8220;Machen Sie mit &#8211; Lassen Sie ein Kind wieder h\u00f6ren&#8220; font_container=&#8220;tag:h2|font_size:32|text_align:left&#8220;][vc_column_text]\n<p class=\"\" data-start=\"3802\" data-end=\"3939\">Ihre Spende kann das Leben eines Kindes f\u00fcr immer ver\u00e4ndern. Mit Ihrer Unterst\u00fctzung k\u00f6nnen wir nicht nur das Geh\u00f6r wiederherstellen &#8211; sondern auch Hoffnung, W\u00fcrde und Chancen. <\/p>\n[\/vc_column_text][\/vc_column][\/vc_row][vc_row el_id=&#8220;spende_formular&#8220;][vc_column width=&#8220;1\/4&#8243;][\/vc_column][vc_column width=&#8220;1\/2&#8243;][vc_raw_html]PGlmcmFtZSBpZD0idGFtYXJvLWlmcmFtZS1wZm5jayIgYWxsb3c9InBheW1lbnQiIHNyYz0iaHR0cHM6Ly9kb25hdGUucmFpc2Vub3cuaW8vcGZuY2s\/YW5hbHl0aWNzLmNoYW5uZWw9ZW1iZWQiIHN0eWxlPSJ3aWR0aDogMTAwJTsgbWF4LXdpZHRoOiA1ODBweDsgYmFja2dyb3VuZDogd2hpdGU7IGJvcmRlcjogbm9uZTsiIHNhbmRib3g9ImFsbG93LWZvcm1zIGFsbG93LW1vZGFscyBhbGxvdy1wb2ludGVyLWxvY2sgYWxsb3ctcG9wdXBzIGFsbG93LXBvcHVwcy10by1lc2NhcGUtc2FuZGJveCBhbGxvdy1zYW1lLW9yaWdpbiBhbGxvdy1zY3JpcHRzIGFsbG93LXRvcC1uYXZpZ2F0aW9uIGFsbG93LXRvcC1uYXZpZ2F0aW9uLXRvLWN1c3RvbS1wcm90b2NvbHMiPjwvaWZyYW1lPgo8c2NyaXB0PgogIHdpbmRvdy5hZGRFdmVudExpc3RlbmVyKAogICAgJ21lc3NhZ2UnLAogICAgZSA9PiB7CiAgICAgIGNvbnN0IGlmcmFtZSA9IGRvY3VtZW50LmdldEVsZW1lbnRCeUlkKCd0YW1hcm8taWZyYW1lLXBmbmNrJykKICAgICAgaWYgKGlmcmFtZSAmJiBlLm9yaWdpbiA9PT0gJ2h0dHBzOi8vZG9uYXRlLnJhaXNlbm93LmlvJykgewogICAgICAgIGlmcmFtZS5zdHlsZS5oZWlnaHQgPSBlLmRhdGEuaGVpZ2h0ICsgJ3B4JwogICAgICB9CiAgICB9CiAgKQo8L3NjcmlwdD4=[\/vc_raw_html][\/vc_column][vc_column width=&#8220;1\/4&#8243;][\/vc_column][\/vc_row]\n","protected":false},"excerpt":{"rendered":"<p>[vc_row][vc_column][vc_custom_heading text=&#8220;HearEase f\u00fcr kleine Ohren: H\u00f6rger\u00e4te f\u00fcr Kinder in Uganda&#8220; font_container=&#8220;tag:h1|font_size:32|text_align:center&#8220;][vc_empty_space][\/vc_column][\/vc_row][vc_row full_width=&#8220;stretch_row&#8220; css=&#8220;.vc_custom_1747723015127{padding-top: 50px !important;padding-bottom: 50px !important;}&#8220;][vc_column [&hellip;]<\/p>\n","protected":false},"author":1,"featured_media":0,"parent":12904,"menu_order":0,"comment_status":"closed","ping_status":"closed","template":"","meta":[],"categories":[],"tags":[],"_links":{"self":[{"href":"https:\/\/sdc-ev.org\/de\/wp-json\/wp\/v2\/pages\/13131"}],"collection":[{"href":"https:\/\/sdc-ev.org\/de\/wp-json\/wp\/v2\/pages"}],"about":[{"href":"https:\/\/sdc-ev.org\/de\/wp-json\/wp\/v2\/types\/page"}],"author":[{"embeddable":true,"href":"https:\/\/sdc-ev.org\/de\/wp-json\/wp\/v2\/users\/1"}],"replies":[{"embeddable":true,"href":"https:\/\/sdc-ev.org\/de\/wp-json\/wp\/v2\/comments?post=13131"}],"version-history":[{"count":1,"href":"https:\/\/sdc-ev.org\/de\/wp-json\/wp\/v2\/pages\/13131\/revisions"}],"predecessor-version":[{"id":13132,"href":"https:\/\/sdc-ev.org\/de\/wp-json\/wp\/v2\/pages\/13131\/revisions\/13132"}],"up":[{"embeddable":true,"href":"https:\/\/sdc-ev.org\/de\/wp-json\/wp\/v2\/pages\/12904"}],"wp:attachment":[{"href":"https:\/\/sdc-ev.org\/de\/wp-json\/wp\/v2\/media?parent=13131"}],"wp:term":[{"taxonomy":"category","embeddable":true,"href":"https:\/\/sdc-ev.org\/de\/wp-json\/wp\/v2\/categories?post=13131"},{"taxonomy":"post_tag","embeddable":true,"href":"https:\/\/sdc-ev.org\/de\/wp-json\/wp\/v2\/tags?post=13131"}],"curies":[{"name":"wp","href":"https:\/\/api.w.org\/{rel}","templated":true}]}}